{"id":19672,"date":"2019-10-17T21:18:37","date_gmt":"2019-10-17T19:18:37","guid":{"rendered":"http:\/\/lalaperlavnau.bcntic.com\/la-perla\/distribucion\/"},"modified":"2020-05-27T14:47:37","modified_gmt":"2020-05-27T12:47:37","slug":"distribution","status":"publish","type":"page","link":"https:\/\/www.laperlavalles.cat\/fr\/distribution\/","title":{"rendered":"Distribution"},"content":{"rendered":"<p>[vc_row][vc_column][vc_row_inner][vc_column_inner][vc_column_text]<\/p>\n<p style=\"text-align: justify;\"><strong>La Perla dispose d&rsquo;un service logistique qui nous permet de toucher tous nos clients, qu&rsquo;ils soient espagnols, europ\u00e9ens ou internationaux.<\/strong> Cela nous permet de d\u00e9terminer les besoins et les opportunit\u00e9s du march\u00e9, un avantage que nous transmettons \u00e0 nos clients en leur fournissant les principaux produits d&rsquo;importation pour les rendre plus comp\u00e9titifs.<\/p>\n<p>[\/vc_column_text][\/vc_column_inner][\/vc_row_inner][\/vc_column][\/vc_row][vc_row][vc_column][vc_row_inner][vc_column_inner width=\u00a0\u00bb1\/3&Prime;][vc_single_image image=\u00a0\u00bb413&Prime; img_size=\u00a0\u00bbfull\u00a0\u00bb alignment=\u00a0\u00bbcenter\u00a0\u00bb][vc_custom_heading text=\u00a0\u00bbDistribution en Espagne\u00a0\u00bb font_container=\u00a0\u00bbtag:h3|text_align:left\u00a0\u00bb][vc_column_text]<\/p>\n<p style=\"text-align: justify;\"><strong>La Perla a un entrep\u00f4t central \u00e0 Barcelone et quatre d\u00e9l\u00e9gations<\/strong> dans les zones ethniques les plus importantes d\u2019Espagne. Nous distribuons des produits ethniques secs, frais ou congel\u00e9s dans toute l&rsquo;Espagne en 48 heures.<\/p>\n<p>[\/vc_column_text][\/vc_column_inner][vc_column_inner width=\u00a0\u00bb1\/3&Prime;][vc_single_image image=\u00a0\u00bb416&Prime; img_size=\u00a0\u00bbfull\u00a0\u00bb alignment=\u00a0\u00bbcenter\u00a0\u00bb][vc_custom_heading text=\u00a0\u00bbDistribution europ\u00e9enne\u00a0\u00bb font_container=\u00a0\u00bbtag:h3|text_align:left\u00a0\u00bb][vc_column_text]<\/p>\n<p style=\"text-align: justify;\"><strong>La Perla fournit toute l&rsquo;Europe par transport terrestre<\/strong> depuis notre si\u00e8ge \u00e0 Barcelone. Nous servons d&rsquo;une palette \u00e0 des camions complets dans toute l&rsquo;Europe et en peu de temps.<\/p>\n<p>[\/vc_column_text][\/vc_column_inner][vc_column_inner width=\u00a0\u00bb1\/3&Prime;][vc_single_image image=\u00a0\u00bb407&Prime; img_size=\u00a0\u00bbfull\u00a0\u00bb alignment=\u00a0\u00bbcenter\u00a0\u00bb][vc_custom_heading text=\u00a0\u00bbDistribution Internationale\u00a0\u00bb font_container=\u00a0\u00bbtag:h3|text_align:left\u00a0\u00bb][vc_column_text]<\/p>\n<p style=\"text-align: justify;\"><strong>La Perla exporte hors d&rsquo;Europe vers diff\u00e9rents pays d&rsquo;Afrique, d&rsquo;Am\u00e9rique et du Moyen-Orient,<\/strong> \u00e9tant le fournisseur de confiance de nos clients. Nous exportons des conteneurs pleins de l&rsquo;usine ou des conteneurs mixtes de notre stock r\u00e9gulier \u00e0 notre si\u00e8ge de Barcelone. Nous respectons toutes les r\u00e9glementations sanitaires et livrons la documentation appropri\u00e9e pour d\u00e9douaner le pays de destination.<\/p>\n<p>[\/vc_column_text][\/vc_column_inner][\/vc_row_inner][\/vc_column][\/vc_row][vc_row][vc_column][vc_row_inner][vc_column_inner width=\u00a0\u00bb1\/3&Prime;][vc_single_image image=\u00a0\u00bb23593&Prime; img_size=\u00a0\u00bbfull\u00a0\u00bb alignment=\u00a0\u00bbcenter\u00a0\u00bb][vc_custom_heading text=\u00a0\u00bbNos installations\u00a0\u00bb font_container=\u00a0\u00bbtag:h3|text_align:left\u00a0\u00bb][vc_column_text]<\/p>\n<p style=\"text-align: justify;\">La Perla a son propre <strong>entrep\u00f4t de 7000m2<\/strong> dans le domaine de Can Jorn de La Roca del Valles. Il dispose de <strong>8 quais de chargement<\/strong> et peut <strong>accueillir plus de 10500 palettes<\/strong>.<\/p>\n<p>[\/vc_column_text][\/vc_column_inner][vc_column_inner width=\u00a0\u00bb1\/3&Prime;][vc_single_image image=\u00a0\u00bb410&Prime; img_size=\u00a0\u00bbfull\u00a0\u00bb alignment=\u00a0\u00bbcenter\u00a0\u00bb][vc_custom_heading text=\u00a0\u00bbTransport terrestre\u00a0\u00bb font_container=\u00a0\u00bbtag:h3|text_align:left\u00a0\u00bb][vc_column_text]<\/p>\n<p style=\"text-align: justify;\"><strong>La Perla a cr\u00e9\u00e9 un vaste r\u00e9seau de distribution de terrains<\/strong> en Espagne et en Europe, atteignant n&rsquo;importe quel point en peu de temps et \u00e0 un co\u00fbt tr\u00e8s comp\u00e9titif.<\/p>\n<p>[\/vc_column_text][\/vc_column_inner][vc_column_inner width=\u00a0\u00bb1\/3&Prime;][vc_single_image image=\u00a0\u00bb422&Prime; img_size=\u00a0\u00bbfull\u00a0\u00bb alignment=\u00a0\u00bbcenter\u00a0\u00bb][vc_custom_heading text=\u00a0\u00bbTransport maritime\u00a0\u00bb font_container=\u00a0\u00bbtag:h3|text_align:left\u00a0\u00bb][vc_column_text]<\/p>\n<p style=\"text-align: justify;\"><strong>Le transport maritime est le moyen le plus efficace<\/strong> et nous permet d&rsquo;importer les principaux produits de notre catalogue. Nous d\u00e9pla\u00e7ons plus de 1 000 conteneurs par an. Ces derni\u00e8res ann\u00e9es, La Perla a export\u00e9 divers produits europ\u00e9ens vers l&rsquo;Afrique et les \u00c9tats-Unis.<\/p>\n<p>[\/vc_column_text][\/vc_column_inner][\/vc_row_inner][\/vc_column][\/vc_row]<\/p>\n","protected":false},"excerpt":{"rendered":"<p>[vc_row][vc_column][vc_row_inner][vc_column_inner][vc_column_text] La Perla dispose d&rsquo;un service logistique qui nous permet de toucher tous nos clients, qu&rsquo;ils soient espagnols, europ\u00e9ens ou internationaux. Cela nous permet de d\u00e9terminer<span class=\"excerpt-hellip\"> [\u2026]<\/span><\/p>\n","protected":false},"author":1,"featured_media":0,"parent":0,"menu_order":0,"comment_status":"closed","ping_status":"closed","template":"","meta":[],"_links":{"self":[{"href":"https:\/\/www.laperlavalles.cat\/fr\/wp-json\/wp\/v2\/pages\/19672"}],"collection":[{"href":"https:\/\/www.laperlavalles.cat\/fr\/wp-json\/wp\/v2\/pages"}],"about":[{"href":"https:\/\/www.laperlavalles.cat\/fr\/wp-json\/wp\/v2\/types\/page"}],"author":[{"embeddable":true,"href":"https:\/\/www.laperlavalles.cat\/fr\/wp-json\/wp\/v2\/users\/1"}],"replies":[{"embeddable":true,"href":"https:\/\/www.laperlavalles.cat\/fr\/wp-json\/wp\/v2\/comments?post=19672"}],"version-history":[{"count":0,"href":"https:\/\/www.laperlavalles.cat\/fr\/wp-json\/wp\/v2\/pages\/19672\/revisions"}],"wp:attachment":[{"href":"https:\/\/www.laperlavalles.cat\/fr\/wp-json\/wp\/v2\/media?parent=19672"}],"curies":[{"name":"wp","href":"https:\/\/api.w.org\/{rel}","templated":true}]}}