{"id":19677,"date":"2019-10-18T01:52:36","date_gmt":"2019-10-17T23:52:36","guid":{"rendered":"http:\/\/lalaperlavnau.bcntic.com\/la-perla\/nuestras-marcas-etnicas\/"},"modified":"2020-05-29T15:59:11","modified_gmt":"2020-05-29T13:59:11","slug":"nos-marques-ethniques","status":"publish","type":"page","link":"https:\/\/www.laperlavalles.cat\/fr\/nos-marques-ethniques\/","title":{"rendered":"Nos marques ethniques"},"content":{"rendered":"<p>[vc_row][vc_column][vc_row_inner][vc_column_inner][vc_column_text]<\/p>\n<p style=\"text-align: justify;\"><strong>Avec la volont\u00e9 de proposer des produits de grande qualit\u00e9 \u00e0 des prix comp\u00e9titifs, La Perla a cr\u00e9\u00e9 des marques propres qui constituent le meilleur rapport qualit\u00e9\/prix et qui viennent compl\u00e9ter la gamme de produits de marque d\u2019autres fabricants.<\/strong><\/p>\n<p>[\/vc_column_text][\/vc_column_inner][\/vc_row_inner][\/vc_column][\/vc_row][vc_row][vc_column][vc_row_inner][vc_column_inner width=\u00a0\u00bb1\/3&Prime;][vc_single_image image=\u00a0\u00bb476&Prime; img_size=\u00a0\u00bbfull\u00a0\u00bb alignment=\u00a0\u00bbcenter\u00a0\u00bb][vc_column_text]<\/p>\n<p style=\"text-align: justify;\">WYNDOO est une boisson fra\u00eeche africaine. Son go\u00fbt sucr\u00e9 \u00e0 la cerise et aux fruits rouges est tr\u00e8s appr\u00e9ci\u00e9 des Africains.<\/p>\n<p>[\/vc_column_text][\/vc_column_inner][vc_column_inner width=\u00a0\u00bb1\/3&Prime;][vc_single_image image=\u00a0\u00bb452&Prime; img_size=\u00a0\u00bbfull\u00a0\u00bb alignment=\u00a0\u00bbcenter\u00a0\u00bb][vc_column_text]<\/p>\n<p style=\"text-align: justify;\">Halah est la marque de produits La Perla des pays francophones d\u2019Afrique Occidentale. Nous disposons de jus de bissap rouge et blanc, Kinkeliba, Baobab, Kouthia, Saka-Saka, Cayena, poivre noir et d&rsquo;autres.<\/p>\n<p>[\/vc_column_text][\/vc_column_inner][vc_column_inner width=\u00a0\u00bb1\/3&Prime;][vc_single_image image=\u00a0\u00bb473&Prime; img_size=\u00a0\u00bbfull\u00a0\u00bb alignment=\u00a0\u00bbcenter\u00a0\u00bb][vc_column_text]<\/p>\n<p style=\"text-align: justify;\">Tiga D\u00e8gu\u00e8 est la marque La Perla de beurre de cacahu\u00e8te de qualit\u00e9 extra. \u00c9labor\u00e9 uniquement \u00e0 base de cacahu\u00e8te naturelle, selon la recette africaine traditionnelle.<\/p>\n<p>[\/vc_column_text][\/vc_column_inner][\/vc_row_inner][\/vc_column][\/vc_row][vc_row][vc_column][vc_row_inner][vc_column_inner width=\u00a0\u00bb1\/3&Prime;][vc_single_image image=\u00a0\u00bb467&Prime; img_size=\u00a0\u00bbfull\u00a0\u00bb alignment=\u00a0\u00bbcenter\u00a0\u00bb][vc_column_text]<\/p>\n<p style=\"text-align: justify;\">LP African Food est une marque La Perla des pays anglophones de l\u2019Afrique Occidentale. Nous disposons de pur\u00e9e de pomme de terre, f\u00e9cule de pomme de terre, farine de riz, farine blanche de bl\u00e9, morica en grains, et graines d\u2019egusi, et d&rsquo;autres.<\/p>\n<p>[\/vc_column_text][\/vc_column_inner][vc_column_inner width=\u00a0\u00bb1\/3&Prime;][vc_single_image image=\u00a0\u00bb24658&Prime; img_size=\u00a0\u00bbfull\u00a0\u00bb alignment=\u00a0\u00bbcenter\u00a0\u00bb][vc_column_text]<\/p>\n<p style=\"text-align: justify;\">The Elements est la gamme de produits naturels qui favorisent un mode de vie actif et sain. La plupart d&rsquo;entre eux sont fabriqu\u00e9s avec des ingr\u00e9dients 100% naturels, sans colorants, conservateurs ni sucres ajout\u00e9s.<\/p>\n<p>[\/vc_column_text][\/vc_column_inner][vc_column_inner width=\u00a0\u00bb1\/3&Prime;][vc_single_image image=\u00a0\u00bb464&Prime; img_size=\u00a0\u00bbfull\u00a0\u00bb alignment=\u00a0\u00bbcenter\u00a0\u00bb][vc_column_text]<\/p>\n<p style=\"text-align: justify;\">Les produits de la marque King Africa sont produits directement import\u00e9s du c\u0153ur de l\u2019Afrique. D\u00e9couvrez le go\u00fbt 100 % africain : huile de palme, saka saka, ndole, bobolo, farine de yucca, folere, etc.<\/p>\n<p>[\/vc_column_text][\/vc_column_inner][\/vc_row_inner][\/vc_column][\/vc_row][vc_row][vc_column][vc_row_inner][vc_column_inner width=\u00a0\u00bb1\/3&Prime;][vc_single_image image=\u00a0\u00bb449&Prime; img_size=\u00a0\u00bbfull\u00a0\u00bb alignment=\u00a0\u00bbcenter\u00a0\u00bb][vc_column_text]<\/p>\n<p style=\"text-align: justify;\">\u00c9lephant d\u2019Afrique est une marque exclusive et 100% riz. Choisissez parmi une large gamme de riz de Tha\u00eflande et du Cambodge.<\/p>\n<p>[\/vc_column_text][\/vc_column_inner][vc_column_inner width=\u00a0\u00bb1\/3&Prime;][vc_single_image image=\u00a0\u00bb458&Prime; img_size=\u00a0\u00bbfull\u00a0\u00bb alignment=\u00a0\u00bbcenter\u00a0\u00bb][vc_column_text]<\/p>\n<p style=\"text-align: justify;\">Kumba est une marque sp\u00e9cialis\u00e9e dans les c\u00e9r\u00e9ales, notamment le mil. Vous pouvez trouver le thiacry pris\u00e9, thi\u00e8re, fonde \/ araw et shankal. Difficile \u00e0 trouver en dehors du march\u00e9 local.<\/p>\n<p>[\/vc_column_text][\/vc_column_inner][vc_column_inner width=\u00a0\u00bb1\/3&Prime;][vc_single_image image=\u00a0\u00bb470&Prime; img_size=\u00a0\u00bbfull\u00a0\u00bb alignment=\u00a0\u00bbcenter\u00a0\u00bb][vc_column_text]<\/p>\n<p style=\"text-align: justify;\">Safna est une marque africaine principalement d&rsquo;infusions. Vous pouvez trouver des fleurs d&rsquo;hibiscus rouges, des hibiscus blancs et des Kinkeliba. Des infusions \u00e0 prendre en famille \u00e0 petit prix.<\/p>\n<p>[\/vc_column_text][\/vc_column_inner][\/vc_row_inner][\/vc_column][\/vc_row][vc_row][vc_column][vc_row_inner][vc_column_inner width=\u00a0\u00bb1\/3&Prime;][vc_single_image image=\u00a0\u00bb24668&Prime; img_size=\u00a0\u00bbfull\u00a0\u00bb alignment=\u00a0\u00bbcenter\u00a0\u00bb][vc_column_text]<\/p>\n<p style=\"text-align: justify;\">Ayira est notre nouvelle marque lanc\u00e9e sur le march\u00e9 africain des cosm\u00e9tiques en 2020. Bas\u00e9 principalement sur la lotion hydratante Ayira Hand &amp; Body Lotion. Une lotion pour la peau africaine avec un ar\u00f4me incomparable.<\/p>\n<p>[\/vc_column_text][\/vc_column_inner][vc_column_inner width=\u00a0\u00bb1\/3&Prime;][\/vc_column_inner][vc_column_inner width=\u00a0\u00bb1\/3&Prime;][\/vc_column_inner][\/vc_row_inner][\/vc_column][\/vc_row]<\/p>\n","protected":false},"excerpt":{"rendered":"<p>[vc_row][vc_column][vc_row_inner][vc_column_inner][vc_column_text] Avec la volont\u00e9 de proposer des produits de grande qualit\u00e9 \u00e0 des prix comp\u00e9titifs, La Perla a cr\u00e9\u00e9 des marques propres qui constituent le meilleur<span class=\"excerpt-hellip\"> [\u2026]<\/span><\/p>\n","protected":false},"author":1,"featured_media":0,"parent":0,"menu_order":0,"comment_status":"closed","ping_status":"closed","template":"","meta":[],"_links":{"self":[{"href":"https:\/\/www.laperlavalles.cat\/fr\/wp-json\/wp\/v2\/pages\/19677"}],"collection":[{"href":"https:\/\/www.laperlavalles.cat\/fr\/wp-json\/wp\/v2\/pages"}],"about":[{"href":"https:\/\/www.laperlavalles.cat\/fr\/wp-json\/wp\/v2\/types\/page"}],"author":[{"embeddable":true,"href":"https:\/\/www.laperlavalles.cat\/fr\/wp-json\/wp\/v2\/users\/1"}],"replies":[{"embeddable":true,"href":"https:\/\/www.laperlavalles.cat\/fr\/wp-json\/wp\/v2\/comments?post=19677"}],"version-history":[{"count":0,"href":"https:\/\/www.laperlavalles.cat\/fr\/wp-json\/wp\/v2\/pages\/19677\/revisions"}],"wp:attachment":[{"href":"https:\/\/www.laperlavalles.cat\/fr\/wp-json\/wp\/v2\/media?parent=19677"}],"curies":[{"name":"wp","href":"https:\/\/api.w.org\/{rel}","templated":true}]}}