{"id":19682,"date":"2019-10-23T07:32:15","date_gmt":"2019-10-23T05:32:15","guid":{"rendered":"http:\/\/lalaperlavnau.bcntic.com\/productos-etnicos\/bebidas\/"},"modified":"2020-06-22T19:20:29","modified_gmt":"2020-06-22T17:20:29","slug":"boissons","status":"publish","type":"page","link":"https:\/\/www.laperlavalles.cat\/fr\/produits\/boissons\/","title":{"rendered":"Boissons"},"content":{"rendered":"<p>[vc_row][vc_column][vc_row_inner][vc_column_inner][vc_column_text]<\/p>\n<h1 class=\"page-title\">Boissons<\/h1>\n<div class=\"term-description\">\n<p>La Perla distribue une gamme compl\u00e8te de boissons du monde entier : des bi\u00e8res d\u2019importation de prestigieuses marques internationales comme Guinness en passant par des boissons malt\u00e9es, des boissons fra\u00eeches, une gamme compl\u00e8te de jus de fruits, des jus de fruits tropicaux et des jus sans sucres ajout\u00e9s. Nous disposons \u00e9galement de sirops, d\u2019essences, d\u2019infusions et m\u00eame de boissons naturelles comme l\u2019eau de noix de coco The Elements, des boissons leaders dans leurs pays respectifs. Des boissons fra\u00eeches et instantan\u00e9es pour accompagner vos repas ou vos c\u00e9l\u00e9brations, et des sirops ou des essences pour cuisiner ou pour pr\u00e9parer de d\u00e9licieux cocktails.<\/p>\n<p>Plus de 100 r\u00e9f\u00e9rences de boissons viennent renforcer notre catalogue et sont disponibles pour les rayonnages des boutiques et supermarch\u00e9s. Nous s\u00e9lectionnons et regroupons les boissons pour couvrir toutes les tranches d\u2019\u00e2ge, depuis l\u2019enfance avec des jus de fruits et des laits, jusqu\u2019\u00e0 l\u2019adolescence et l\u2019\u00e2ge adulte avec des bi\u00e8res et des boissons fra\u00eeches, avec ou sans alcool.<\/p>\n<p>Toutes ces boissons sont disponibles dans notre catalogue de produits ethniques, de produits d\u2019importation et d\u2019alimentation du monde entier.<\/p>\n<\/div>\n<p>[\/vc_column_text][\/vc_column_inner][\/vc_row_inner][\/vc_column][\/vc_row][vc_row][vc_column][vc_row_inner][vc_column_inner width=\u00a0\u00bb1\/4&Prime;][vc_single_image image=\u00a0\u00bb3420&Prime; img_size=\u00a0\u00bbfull\u00a0\u00bb alignment=\u00a0\u00bbcenter\u00a0\u00bb onclick=\u00a0\u00bbcustom_link\u00a0\u00bb link=\u00a0\u00bb\/fr\/categorie-produit\/boissons\/boissons-fraiches\/\u00a0\u00bb][vc_column_text]<\/p>\n<h5 style=\"text-align: center;\">Boissons fra\u00efches<\/h5>\n<p>[\/vc_column_text][\/vc_column_inner][vc_column_inner width=\u00a0\u00bb1\/4&Prime;][vc_single_image image=\u00a0\u00bb3424&Prime; img_size=\u00a0\u00bbfull\u00a0\u00bb alignment=\u00a0\u00bbcenter\u00a0\u00bb onclick=\u00a0\u00bbcustom_link\u00a0\u00bb link=\u00a0\u00bb\/fr\/categorie-produit\/boissons\/bieres-et-boissons-maltees\/\u00a0\u00bb][vc_column_text]<\/p>\n<h5 style=\"text-align: center;\">Bi\u00e8res et boissons malt\u00e9es<\/h5>\n<p>[\/vc_column_text][\/vc_column_inner][vc_column_inner width=\u00a0\u00bb1\/4&Prime;][vc_single_image image=\u00a0\u00bb3416&Prime; img_size=\u00a0\u00bbfull\u00a0\u00bb alignment=\u00a0\u00bbcenter\u00a0\u00bb onclick=\u00a0\u00bbcustom_link\u00a0\u00bb link=\u00a0\u00bb\/fr\/categorie-produit\/boissons\/boissons-de-noix-de-coco\/\u00a0\u00bb][vc_column_text]<\/p>\n<h5 style=\"text-align: center;\">Boissons de noix de coco<\/h5>\n<p>[\/vc_column_text][\/vc_column_inner][vc_column_inner width=\u00a0\u00bb1\/4&Prime;][vc_single_image image=\u00a0\u00bb3432&Prime; img_size=\u00a0\u00bbfull\u00a0\u00bb alignment=\u00a0\u00bbcenter\u00a0\u00bb onclick=\u00a0\u00bbcustom_link\u00a0\u00bb link=\u00a0\u00bb\/fr\/categorie-produit\/boissons\/the-infusions-fr\/\u00a0\u00bb][vc_column_text]<\/p>\n<h5 style=\"text-align: center;\">Th\u00e9, infusions<\/h5>\n<p>[\/vc_column_text][\/vc_column_inner][\/vc_row_inner][vc_row_inner][vc_column_inner width=\u00a0\u00bb1\/4&Prime;][vc_single_image image=\u00a0\u00bb3428&Prime; img_size=\u00a0\u00bbfull\u00a0\u00bb alignment=\u00a0\u00bbcenter\u00a0\u00bb onclick=\u00a0\u00bbcustom_link\u00a0\u00bb link=\u00a0\u00bb\/fr\/categorie-produit\/boissons\/sirops-et-essences\/\u00a0\u00bb][vc_column_text]<\/p>\n<h5 style=\"text-align: center;\">Sirops et essences<\/h5>\n<p>[\/vc_column_text][\/vc_column_inner][vc_column_inner width=\u00a0\u00bb1\/4&Prime;][vc_single_image image=\u00a0\u00bb3436&Prime; img_size=\u00a0\u00bbfull\u00a0\u00bb alignment=\u00a0\u00bbcenter\u00a0\u00bb onclick=\u00a0\u00bbcustom_link\u00a0\u00bb link=\u00a0\u00bb\/fr\/categorie-produit\/boissons\/jus-de-fruits\/\u00a0\u00bb][vc_column_text]<\/p>\n<h5 style=\"text-align: center;\">Jus de fruits<\/h5>\n<p>[\/vc_column_text][\/vc_column_inner][vc_column_inner width=\u00a0\u00bb1\/4&Prime;][\/vc_column_inner][vc_column_inner width=\u00a0\u00bb1\/4&Prime;][\/vc_column_inner][\/vc_row_inner][\/vc_column][\/vc_row]<\/p>\n","protected":false},"excerpt":{"rendered":"<p>[vc_row][vc_column][vc_row_inner][vc_column_inner][vc_column_text] Boissons La Perla distribue une gamme compl\u00e8te de boissons du monde entier : des bi\u00e8res d\u2019importation de prestigieuses marques internationales comme Guinness en passant par<span class=\"excerpt-hellip\"> [\u2026]<\/span><\/p>\n","protected":false},"author":1,"featured_media":0,"parent":19680,"menu_order":0,"comment_status":"closed","ping_status":"closed","template":"","meta":[],"_links":{"self":[{"href":"https:\/\/www.laperlavalles.cat\/fr\/wp-json\/wp\/v2\/pages\/19682"}],"collection":[{"href":"https:\/\/www.laperlavalles.cat\/fr\/wp-json\/wp\/v2\/pages"}],"about":[{"href":"https:\/\/www.laperlavalles.cat\/fr\/wp-json\/wp\/v2\/types\/page"}],"author":[{"embeddable":true,"href":"https:\/\/www.laperlavalles.cat\/fr\/wp-json\/wp\/v2\/users\/1"}],"replies":[{"embeddable":true,"href":"https:\/\/www.laperlavalles.cat\/fr\/wp-json\/wp\/v2\/comments?post=19682"}],"version-history":[{"count":0,"href":"https:\/\/www.laperlavalles.cat\/fr\/wp-json\/wp\/v2\/pages\/19682\/revisions"}],"up":[{"embeddable":true,"href":"https:\/\/www.laperlavalles.cat\/fr\/wp-json\/wp\/v2\/pages\/19680"}],"wp:attachment":[{"href":"https:\/\/www.laperlavalles.cat\/fr\/wp-json\/wp\/v2\/media?parent=19682"}],"curies":[{"name":"wp","href":"https:\/\/api.w.org\/{rel}","templated":true}]}}