{"id":19691,"date":"2019-10-23T07:49:28","date_gmt":"2019-10-23T05:49:28","guid":{"rendered":"http:\/\/lalaperlavnau.bcntic.com\/productos-etnicos\/lacticos\/"},"modified":"2020-06-22T19:28:22","modified_gmt":"2020-06-22T17:28:22","slug":"produits-laitiers","status":"publish","type":"page","link":"https:\/\/www.laperlavalles.cat\/fr\/produits\/produits-laitiers\/","title":{"rendered":"Produits laitiers"},"content":{"rendered":"<p>[vc_row][vc_column][vc_row_inner][vc_column_inner][vc_column_text]<\/p>\n<h1 class=\"page-title\">Produits laitiers<\/h1>\n<div class=\"term-description\">Notre gamme de produits laitiers comprend les principales marques du march\u00e9, nationales et internationales. Lait en poudre Nido, lait en poudre Klim, un grand choix de laits condens\u00e9s et lyophilis\u00e9s Nestl\u00e9, avec ou sans sucre. Laits pour b\u00e9b\u00e9 avec c\u00e9r\u00e9ales Cerelac Nestl\u00e9 et les vari\u00e9t\u00e9s \u00e0 base de miel, de riz ou de fruits. Nous proposons \u00e9galement des sp\u00e9cialit\u00e9s comme le lait de noix de coco The Elements ou des milk-shakes de fruits et de lait. Tous ces produits sont disponibles dans notre catalogue de produits ethniques, de produits d\u2019importation et d\u2019alimentation du monde entier.<\/div>\n<p>[\/vc_column_text][\/vc_column_inner][\/vc_row_inner][\/vc_column][\/vc_row][vc_row][vc_column][vc_row_inner][vc_column_inner width=\u00a0\u00bb1\/4&Prime;][vc_single_image image=\u00a0\u00bb3496&Prime; img_size=\u00a0\u00bbfull\u00a0\u00bb alignment=\u00a0\u00bbcenter\u00a0\u00bb onclick=\u00a0\u00bbcustom_link\u00a0\u00bb link=\u00a0\u00bb\/fr\/categorie-produit\/produits-laitiers\/lait-condense-et-lyophilise\/\u00a0\u00bb][vc_column_text]<\/p>\n<h5 style=\"text-align: center;\">Lait condens\u00e9 et lyophilis\u00e9<\/h5>\n<p>[\/vc_column_text][\/vc_column_inner][vc_column_inner width=\u00a0\u00bb1\/4&Prime;][vc_single_image image=\u00a0\u00bb3488&Prime; img_size=\u00a0\u00bbfull\u00a0\u00bb alignment=\u00a0\u00bbcenter\u00a0\u00bb onclick=\u00a0\u00bbcustom_link\u00a0\u00bb link=\u00a0\u00bb\/fr\/categorie-produit\/produits-laitiers\/lait-de-nois-de-coco-et-milk-shakes\/\u00a0\u00bb][vc_column_text]<\/p>\n<h5 style=\"text-align: center;\">Lait de nois de coco et milk-shakes<\/h5>\n<p>[\/vc_column_text][\/vc_column_inner][vc_column_inner width=\u00a0\u00bb1\/4&Prime;][vc_single_image image=\u00a0\u00bb3492&Prime; img_size=\u00a0\u00bbfull\u00a0\u00bb alignment=\u00a0\u00bbcenter\u00a0\u00bb onclick=\u00a0\u00bbcustom_link\u00a0\u00bb link=\u00a0\u00bb\/fr\/categorie-produit\/produits-laitiers\/lait-en-poudre\/\u00a0\u00bb][vc_column_text]<\/p>\n<h5 style=\"text-align: center;\">Lait en poudre<\/h5>\n<p>[\/vc_column_text][\/vc_column_inner][vc_column_inner width=\u00a0\u00bb1\/4&Prime;][vc_single_image image=\u00a0\u00bb3500&Prime; img_size=\u00a0\u00bbfull\u00a0\u00bb alignment=\u00a0\u00bbcenter\u00a0\u00bb onclick=\u00a0\u00bbcustom_link\u00a0\u00bb link=\u00a0\u00bb\/fr\/categorie-produit\/produits-laitiers\/laits-pour-bebes\u00a0\u00bb][vc_column_text]<\/p>\n<h5 style=\"text-align: center;\">Laits pour b\u00e9b\u00e9s<\/h5>\n<p>[\/vc_column_text][\/vc_column_inner][\/vc_row_inner][\/vc_column][\/vc_row]<\/p>\n","protected":false},"excerpt":{"rendered":"<p>[vc_row][vc_column][vc_row_inner][vc_column_inner][vc_column_text] Produits laitiers Notre gamme de produits laitiers comprend les principales marques du march\u00e9, nationales et internationales. Lait en poudre Nido, lait en poudre Klim, un<span class=\"excerpt-hellip\"> [\u2026]<\/span><\/p>\n","protected":false},"author":1,"featured_media":0,"parent":19680,"menu_order":0,"comment_status":"closed","ping_status":"closed","template":"","meta":[],"_links":{"self":[{"href":"https:\/\/www.laperlavalles.cat\/fr\/wp-json\/wp\/v2\/pages\/19691"}],"collection":[{"href":"https:\/\/www.laperlavalles.cat\/fr\/wp-json\/wp\/v2\/pages"}],"about":[{"href":"https:\/\/www.laperlavalles.cat\/fr\/wp-json\/wp\/v2\/types\/page"}],"author":[{"embeddable":true,"href":"https:\/\/www.laperlavalles.cat\/fr\/wp-json\/wp\/v2\/users\/1"}],"replies":[{"embeddable":true,"href":"https:\/\/www.laperlavalles.cat\/fr\/wp-json\/wp\/v2\/comments?post=19691"}],"version-history":[{"count":0,"href":"https:\/\/www.laperlavalles.cat\/fr\/wp-json\/wp\/v2\/pages\/19691\/revisions"}],"up":[{"embeddable":true,"href":"https:\/\/www.laperlavalles.cat\/fr\/wp-json\/wp\/v2\/pages\/19680"}],"wp:attachment":[{"href":"https:\/\/www.laperlavalles.cat\/fr\/wp-json\/wp\/v2\/media?parent=19691"}],"curies":[{"name":"wp","href":"https:\/\/api.w.org\/{rel}","templated":true}]}}