{"id":19695,"date":"2019-10-23T07:45:03","date_gmt":"2019-10-23T05:45:03","guid":{"rendered":"http:\/\/lalaperlavnau.bcntic.com\/productos-etnicos\/desayunos-y-postres\/"},"modified":"2020-06-22T19:26:09","modified_gmt":"2020-06-22T17:26:09","slug":"petits-dejeuners-et-desserts","status":"publish","type":"page","link":"https:\/\/www.laperlavalles.cat\/fr\/produits\/petits-dejeuners-et-desserts\/","title":{"rendered":"Petits d\u00e9jeuners et desserts"},"content":{"rendered":"<p>[vc_row][vc_column][vc_row_inner][vc_column_inner][vc_column_text]<\/p>\n<h1 class=\"page-title\">Petits d\u00e9jeuners et desserts<\/h1>\n<div class=\"term-description\">La Perla propose \u00e9galement une gamme compl\u00e8te de marmelades d\u2019importation, de produits naturels et de qualit\u00e9, aux saveurs tropicales. Des produits compl\u00e9mentaires pour le petit d\u00e9jeuner comme le caf\u00e9 ou le beurre, des aliments indispensables dans tout foyer. Tous ces produits sont disponibles dans notre catalogue de produits ethniques, de produits d\u2019importation et d\u2019alimentation du monde entier.<\/div>\n<p>[\/vc_column_text][\/vc_column_inner][\/vc_row_inner][\/vc_column][\/vc_row][vc_row][vc_column][vc_row_inner][vc_column_inner width=\u00a0\u00bb1\/4&Prime;][vc_single_image image=\u00a0\u00bb23732&Prime; img_size=\u00a0\u00bbfull\u00a0\u00bb alignment=\u00a0\u00bbcenter\u00a0\u00bb onclick=\u00a0\u00bbcustom_link\u00a0\u00bb link=\u00a0\u00bb\/fr\/categorie-produit\/petits-dejeuners-et-desserts\/cafes-fr\/\u00a0\u00bb][vc_column_text]<\/p>\n<h5 style=\"text-align: center;\">Caf\u00e9s<\/h5>\n<p>[\/vc_column_text][\/vc_column_inner][vc_column_inner width=\u00a0\u00bb1\/4&Prime;][vc_single_image image=\u00a0\u00bb3478&Prime; img_size=\u00a0\u00bbfull\u00a0\u00bb alignment=\u00a0\u00bbcenter\u00a0\u00bb onclick=\u00a0\u00bbcustom_link\u00a0\u00bb link=\u00a0\u00bb\/fr\/categorie-produit\/petits-dejeuners-et-desserts\/chocolats\/\u00a0\u00bb][vc_column_text]<\/p>\n<h5 style=\"text-align: center;\">Chocolats<\/h5>\n<p>[\/vc_column_text][\/vc_column_inner][vc_column_inner width=\u00a0\u00bb1\/4&Prime;][vc_single_image image=\u00a0\u00bb3482&Prime; img_size=\u00a0\u00bbfull\u00a0\u00bb alignment=\u00a0\u00bbcenter\u00a0\u00bb onclick=\u00a0\u00bbcustom_link\u00a0\u00bb link=\u00a0\u00bb\/fr\/categorie-produit\/petits-dejeuners-et-desserts\/confitures\/\u00a0\u00bb][vc_column_text]<\/p>\n<h5 style=\"text-align: center;\">Confitures<\/h5>\n<p>[\/vc_column_text][\/vc_column_inner][vc_column_inner width=\u00a0\u00bb1\/4&Prime;][\/vc_column_inner][\/vc_row_inner][\/vc_column][\/vc_row]<\/p>\n","protected":false},"excerpt":{"rendered":"<p>[vc_row][vc_column][vc_row_inner][vc_column_inner][vc_column_text] Petits d\u00e9jeuners et desserts La Perla propose \u00e9galement une gamme compl\u00e8te de marmelades d\u2019importation, de produits naturels et de qualit\u00e9, aux saveurs tropicales. Des produits<span class=\"excerpt-hellip\"> [\u2026]<\/span><\/p>\n","protected":false},"author":1,"featured_media":0,"parent":19680,"menu_order":0,"comment_status":"closed","ping_status":"closed","template":"","meta":[],"_links":{"self":[{"href":"https:\/\/www.laperlavalles.cat\/fr\/wp-json\/wp\/v2\/pages\/19695"}],"collection":[{"href":"https:\/\/www.laperlavalles.cat\/fr\/wp-json\/wp\/v2\/pages"}],"about":[{"href":"https:\/\/www.laperlavalles.cat\/fr\/wp-json\/wp\/v2\/types\/page"}],"author":[{"embeddable":true,"href":"https:\/\/www.laperlavalles.cat\/fr\/wp-json\/wp\/v2\/users\/1"}],"replies":[{"embeddable":true,"href":"https:\/\/www.laperlavalles.cat\/fr\/wp-json\/wp\/v2\/comments?post=19695"}],"version-history":[{"count":0,"href":"https:\/\/www.laperlavalles.cat\/fr\/wp-json\/wp\/v2\/pages\/19695\/revisions"}],"up":[{"embeddable":true,"href":"https:\/\/www.laperlavalles.cat\/fr\/wp-json\/wp\/v2\/pages\/19680"}],"wp:attachment":[{"href":"https:\/\/www.laperlavalles.cat\/fr\/wp-json\/wp\/v2\/media?parent=19695"}],"curies":[{"name":"wp","href":"https:\/\/api.w.org\/{rel}","templated":true}]}}