{"id":19698,"date":"2019-10-23T07:52:22","date_gmt":"2019-10-23T05:52:22","guid":{"rendered":"http:\/\/lalaperlavnau.bcntic.com\/productos-etnicos\/legumbres-frutos-secos-y-cereales\/"},"modified":"2020-06-22T19:30:38","modified_gmt":"2020-06-22T17:30:38","slug":"legumes-secs-fruits-secs-et-cereales","status":"publish","type":"page","link":"https:\/\/www.laperlavalles.cat\/fr\/produits\/legumes-secs-fruits-secs-et-cereales\/","title":{"rendered":"L\u00e9gumes secs, fruits secs et c\u00e9r\u00e9ales"},"content":{"rendered":"<p>[vc_row][vc_column][vc_row_inner][vc_column_inner][vc_column_text]<\/p>\n<h1 class=\"page-title\">L\u00e9gumes secs, fruits secs et c\u00e9r\u00e9ales<\/h1>\n<div class=\"term-description\">\n<p style=\"text-align: justify;\">En cette saison, La Perla tient \u00e0 votre disposition de nombreux l\u00e9gumes secs, fruits secs et c\u00e9r\u00e9ales. Des produits alimentaires de base dans la pyramide nutritionnelle, tr\u00e8s fr\u00e9quemment utilis\u00e9s dans de nombreuses cuisines. Vous trouverez dans cette rubrique les meilleurs haricots, petits pois, black eye beans, et des c\u00e9r\u00e9ales import\u00e9es directement d\u2019Afrique comme le Thiacry, thi\u0160re, araw, funyo, gari, fufu, etc. Pur\u00e9e de pomme de terre, f\u00e9cule de pomme de terre, pound yam, semoules, couscous, morocho, etc. parmi bien d\u2019autres produits, tous disponibles dans notre catalogue de produits ethniques, de produits d\u2019importation et d\u2019alimentation du monde entier.<\/p>\n<\/div>\n<p>[\/vc_column_text][\/vc_column_inner][\/vc_row_inner][\/vc_column][\/vc_row][vc_row][vc_column][vc_row_inner][vc_column_inner width=\u00a0\u00bb1\/4&Prime;][vc_single_image image=\u00a0\u00bb3506&Prime; img_size=\u00a0\u00bbfull\u00a0\u00bb alignment=\u00a0\u00bbcenter\u00a0\u00bb onclick=\u00a0\u00bbcustom_link\u00a0\u00bb link=\u00a0\u00bb\/fr\/categorie-produit\/legumes-secs-fruits-secs-et-cereales\/graines\/\u00a0\u00bb][vc_column_text]<\/p>\n<h5 style=\"text-align: center;\">Graines<\/h5>\n<p>[\/vc_column_text][\/vc_column_inner][vc_column_inner width=\u00a0\u00bb1\/4&Prime;][vc_single_image image=\u00a0\u00bb3510&Prime; img_size=\u00a0\u00bbfull\u00a0\u00bb alignment=\u00a0\u00bbcenter\u00a0\u00bb onclick=\u00a0\u00bbcustom_link\u00a0\u00bb link=\u00a0\u00bb\/fr\/categorie-produit\/legumes-secs-fruits-secs-et-cereales\/farines\/\u00a0\u00bb][vc_column_text]<\/p>\n<h5 style=\"text-align: center;\">Farines<\/h5>\n<p>[\/vc_column_text][\/vc_column_inner][vc_column_inner width=\u00a0\u00bb1\/4&Prime;][\/vc_column_inner][vc_column_inner width=\u00a0\u00bb1\/4&Prime;][\/vc_column_inner][\/vc_row_inner][\/vc_column][\/vc_row]<\/p>\n","protected":false},"excerpt":{"rendered":"<p>[vc_row][vc_column][vc_row_inner][vc_column_inner][vc_column_text] L\u00e9gumes secs, fruits secs et c\u00e9r\u00e9ales En cette saison, La Perla tient \u00e0 votre disposition de nombreux l\u00e9gumes secs, fruits secs et c\u00e9r\u00e9ales. Des produits<span class=\"excerpt-hellip\"> [\u2026]<\/span><\/p>\n","protected":false},"author":1,"featured_media":0,"parent":19680,"menu_order":0,"comment_status":"closed","ping_status":"closed","template":"","meta":[],"_links":{"self":[{"href":"https:\/\/www.laperlavalles.cat\/fr\/wp-json\/wp\/v2\/pages\/19698"}],"collection":[{"href":"https:\/\/www.laperlavalles.cat\/fr\/wp-json\/wp\/v2\/pages"}],"about":[{"href":"https:\/\/www.laperlavalles.cat\/fr\/wp-json\/wp\/v2\/types\/page"}],"author":[{"embeddable":true,"href":"https:\/\/www.laperlavalles.cat\/fr\/wp-json\/wp\/v2\/users\/1"}],"replies":[{"embeddable":true,"href":"https:\/\/www.laperlavalles.cat\/fr\/wp-json\/wp\/v2\/comments?post=19698"}],"version-history":[{"count":0,"href":"https:\/\/www.laperlavalles.cat\/fr\/wp-json\/wp\/v2\/pages\/19698\/revisions"}],"up":[{"embeddable":true,"href":"https:\/\/www.laperlavalles.cat\/fr\/wp-json\/wp\/v2\/pages\/19680"}],"wp:attachment":[{"href":"https:\/\/www.laperlavalles.cat\/fr\/wp-json\/wp\/v2\/media?parent=19698"}],"curies":[{"name":"wp","href":"https:\/\/api.w.org\/{rel}","templated":true}]}}