{"id":19706,"date":"2019-10-23T08:07:29","date_gmt":"2019-10-23T06:07:29","guid":{"rendered":"http:\/\/lalaperlavnau.bcntic.com\/productos-etnicos\/snacks-conservas-y-especias\/"},"modified":"2020-06-23T11:23:16","modified_gmt":"2020-06-23T09:23:16","slug":"snacks-conserves-et-epices","status":"publish","type":"page","link":"https:\/\/www.laperlavalles.cat\/fr\/produits\/snacks-conserves-et-epices\/","title":{"rendered":"Snacks, conserves et \u00e9pices"},"content":{"rendered":"<p>[vc_row][vc_column][vc_row_inner][vc_column_inner][vc_column_text]<\/p>\n<h1 class=\"page-title\">Snacks, conserves et \u00e9pices<\/h1>\n<div class=\"term-description\" style=\"text-align: justify;\">La Perla propose une gamme compl\u00e8te de snacks, de conserves et d\u2019\u00e9pices, tous pens\u00e9s et s\u00e9lectionn\u00e9s parmi les meilleurs produits internationaux avec la volont\u00e9 d\u2019effacer les fronti\u00e8res gastronomiques. Nous disposons d\u2019une gamme compl\u00e8te de chips de banane, de biscuits traditionnels, de bombons, de concentr\u00e9 de tomate, de fruits au sirop et de conserves en bo\u00eete. Toutes ces boissons sont disponibles dans notre catalogue de produits ethniques, de produits d\u2019importation et d\u2019alimentation du monde entier.<\/div>\n<p>[\/vc_column_text][\/vc_column_inner][\/vc_row_inner][\/vc_column][\/vc_row][vc_row][vc_column][vc_row_inner][vc_column_inner width=\u00a0\u00bb1\/4&Prime;][vc_single_image image=\u00a0\u00bb3554&Prime; img_size=\u00a0\u00bbfull\u00a0\u00bb alignment=\u00a0\u00bbcenter\u00a0\u00bb onclick=\u00a0\u00bbcustom_link\u00a0\u00bb link=\u00a0\u00bb\/fr\/categorie-produit\/chips\/\u00a0\u00bb][vc_column_text]<\/p>\n<h5 style=\"text-align: center;\">Chips<\/h5>\n<p>[\/vc_column_text][\/vc_column_inner][vc_column_inner width=\u00a0\u00bb1\/4&Prime;][vc_single_image image=\u00a0\u00bb3558&Prime; img_size=\u00a0\u00bbfull\u00a0\u00bb alignment=\u00a0\u00bbcenter\u00a0\u00bb onclick=\u00a0\u00bbcustom_link\u00a0\u00bb link=\u00a0\u00bb\/fr\/categorie-produit\/conserves\/\u00a0\u00bb][vc_column_text]<\/p>\n<h5 style=\"text-align: center;\">Conserves<\/h5>\n<p>[\/vc_column_text][\/vc_column_inner][vc_column_inner width=\u00a0\u00bb1\/4&Prime;][vc_single_image image=\u00a0\u00bb3562&Prime; img_size=\u00a0\u00bbfull\u00a0\u00bb alignment=\u00a0\u00bbcenter\u00a0\u00bb onclick=\u00a0\u00bbcustom_link\u00a0\u00bb link=\u00a0\u00bb\/fr\/categorie-produit\/epices-snacks-conserves-et-epices\u00a0\u00bb][vc_column_text]<\/p>\n<h5 style=\"text-align: center;\">\u00c9pices<\/h5>\n<p>[\/vc_column_text][\/vc_column_inner][vc_column_inner width=\u00a0\u00bb1\/4&Prime;][vc_single_image image=\u00a0\u00bb23724&Prime; img_size=\u00a0\u00bbfull\u00a0\u00bb alignment=\u00a0\u00bbcenter\u00a0\u00bb onclick=\u00a0\u00bbcustom_link\u00a0\u00bb link=\u00a0\u00bb\/fr\/categorie-produit\/fruits-au-sirop\/\u00a0\u00bb][vc_column_text]<\/p>\n<h5 style=\"text-align: center;\">Fruits au sirop<\/h5>\n<p>[\/vc_column_text][\/vc_column_inner][\/vc_row_inner][vc_row_inner][vc_column_inner width=\u00a0\u00bb1\/4&Prime;][vc_single_image image=\u00a0\u00bb3570&Prime; img_size=\u00a0\u00bbfull\u00a0\u00bb alignment=\u00a0\u00bbcenter\u00a0\u00bb onclick=\u00a0\u00bbcustom_link\u00a0\u00bb link=\u00a0\u00bb\/fr\/categorie-produit\/biscuits-et-bombons\/\u00a0\u00bb][vc_column_text]<\/p>\n<h5 style=\"text-align: center;\">Biscuits et bombons<\/h5>\n<p>[\/vc_column_text][\/vc_column_inner][vc_column_inner width=\u00a0\u00bb1\/4&Prime;][vc_single_image image=\u00a0\u00bb3574&Prime; img_size=\u00a0\u00bbfull\u00a0\u00bb alignment=\u00a0\u00bbcenter\u00a0\u00bb onclick=\u00a0\u00bbcustom_link\u00a0\u00bb link=\u00a0\u00bb\/fr\/categorie-produit\/concentre-de-tomate\/\u00a0\u00bb][vc_column_text]<\/p>\n<h5 style=\"text-align: center;\">Concentr\u00e9 de tomate<\/h5>\n<p>[\/vc_column_text][\/vc_column_inner][vc_column_inner width=\u00a0\u00bb1\/4&Prime;][\/vc_column_inner][vc_column_inner width=\u00a0\u00bb1\/4&Prime;][\/vc_column_inner][\/vc_row_inner][\/vc_column][\/vc_row]<\/p>\n","protected":false},"excerpt":{"rendered":"<p>[vc_row][vc_column][vc_row_inner][vc_column_inner][vc_column_text] Snacks, conserves et \u00e9pices La Perla propose une gamme compl\u00e8te de snacks, de conserves et d\u2019\u00e9pices, tous pens\u00e9s et s\u00e9lectionn\u00e9s parmi les meilleurs produits internationaux<span class=\"excerpt-hellip\"> [\u2026]<\/span><\/p>\n","protected":false},"author":1,"featured_media":0,"parent":19680,"menu_order":0,"comment_status":"closed","ping_status":"closed","template":"","meta":[],"_links":{"self":[{"href":"https:\/\/www.laperlavalles.cat\/fr\/wp-json\/wp\/v2\/pages\/19706"}],"collection":[{"href":"https:\/\/www.laperlavalles.cat\/fr\/wp-json\/wp\/v2\/pages"}],"about":[{"href":"https:\/\/www.laperlavalles.cat\/fr\/wp-json\/wp\/v2\/types\/page"}],"author":[{"embeddable":true,"href":"https:\/\/www.laperlavalles.cat\/fr\/wp-json\/wp\/v2\/users\/1"}],"replies":[{"embeddable":true,"href":"https:\/\/www.laperlavalles.cat\/fr\/wp-json\/wp\/v2\/comments?post=19706"}],"version-history":[{"count":0,"href":"https:\/\/www.laperlavalles.cat\/fr\/wp-json\/wp\/v2\/pages\/19706\/revisions"}],"up":[{"embeddable":true,"href":"https:\/\/www.laperlavalles.cat\/fr\/wp-json\/wp\/v2\/pages\/19680"}],"wp:attachment":[{"href":"https:\/\/www.laperlavalles.cat\/fr\/wp-json\/wp\/v2\/media?parent=19706"}],"curies":[{"name":"wp","href":"https:\/\/api.w.org\/{rel}","templated":true}]}}