{"id":19711,"date":"2019-07-16T07:57:25","date_gmt":"2019-07-16T05:57:25","guid":{"rendered":"http:\/\/lalaperlavnau.bcntic.com\/recetas\/"},"modified":"2019-12-04T01:10:53","modified_gmt":"2019-12-04T00:10:53","slug":"recettes","status":"publish","type":"page","link":"https:\/\/www.laperlavalles.cat\/fr\/recettes\/","title":{"rendered":"Recettes"},"content":{"rendered":"<p>[vc_row][vc_column]<div class=\"Latest_news featured\"><ul class=\"ul-first\"><li class=\"post-19710 post type-post status-publish format-standard has-post-thumbnail hentry category-recettes\"><div class=\"photo\"><a href=\"https:\/\/www.laperlavalles.cat\/fr\/sushi\/\"><img width=\"960\" height=\"750\" src=\"https:\/\/www.laperlavalles.cat\/wp-content\/uploads\/2019\/11\/sushi1-960x750.jpg\" class=\"scale-with-grid wp-post-image\" alt=\"\" loading=\"lazy\" srcset=\"https:\/\/www.laperlavalles.cat\/wp-content\/uploads\/2019\/11\/sushi1-960x750.jpg 960w, https:\/\/www.laperlavalles.cat\/wp-content\/uploads\/2019\/11\/sushi1-1280x1000.jpg 1280w\" sizes=\"(max-width: 960px) 100vw, 960px\" \/><\/a><\/div><div class=\"desc\"><h4><a href=\"https:\/\/www.laperlavalles.cat\/fr\/sushi\/\">Sushi<\/a><\/h4><div class=\"desc_footer\"><span class=\"date\"><i class=\"icon-clock\"><\/i> 20 novembre, 2019<\/span><i class=\"icon-comment-empty-fa\"><\/i> <a href=\"https:\/\/www.laperlavalles.cat\/fr\/sushi\/#respond\" class=\"post-comments\">0<\/a><div class=\"button-love\"><\/div><\/div><div class=\"post-excerpt\">Depuis quelques ann\u00e9es, les sushis figurent parmi les plats les plus populaires du monde. Leur origine est japonaise et le principal ingr\u00e9dient est le riz garni<span class=\"excerpt-hellip\"> [\u2026]<\/span><\/div><\/div><\/li><\/ul><ul class=\"ul-second\"><li class=\"post-19759 post type-post status-publish format-standard has-post-thumbnail hentry category-recettes\"><div class=\"photo\"><a href=\"https:\/\/www.laperlavalles.cat\/fr\/papas-au-curry-cuites-a-lhuile-de-noix-de-coco\/\"><img width=\"718\" height=\"393\" src=\"https:\/\/www.laperlavalles.cat\/wp-content\/uploads\/2019\/11\/patatascurry.jpg\" class=\"scale-with-grid wp-post-image\" alt=\"\" loading=\"lazy\" srcset=\"https:\/\/www.laperlavalles.cat\/wp-content\/uploads\/2019\/11\/patatascurry.jpg 718w, https:\/\/www.laperlavalles.cat\/wp-content\/uploads\/2019\/11\/patatascurry-600x328.jpg 600w, https:\/\/www.laperlavalles.cat\/wp-content\/uploads\/2019\/11\/patatascurry-64x35.jpg 64w, https:\/\/www.laperlavalles.cat\/wp-content\/uploads\/2019\/11\/patatascurry-300x164.jpg 300w, https:\/\/www.laperlavalles.cat\/wp-content\/uploads\/2019\/11\/patatascurry-260x142.jpg 260w, https:\/\/www.laperlavalles.cat\/wp-content\/uploads\/2019\/11\/patatascurry-50x27.jpg 50w, https:\/\/www.laperlavalles.cat\/wp-content\/uploads\/2019\/11\/patatascurry-137x75.jpg 137w\" sizes=\"(max-width: 718px) 100vw, 718px\" \/><\/a><\/div><div class=\"desc\"><h5><a href=\"https:\/\/www.laperlavalles.cat\/fr\/papas-au-curry-cuites-a-lhuile-de-noix-de-coco\/\">Papas au curry cuites \u00e0 l\u2019huile de noix de coco<\/a><\/h5><div class=\"desc_footer\"><span class=\"date\"><i class=\"icon-clock\"><\/i> 20 novembre, 2019<\/span><i class=\"icon-comment-empty-fa\"><\/i> <a href=\"https:\/\/www.laperlavalles.cat\/fr\/papas-au-curry-cuites-a-lhuile-de-noix-de-coco\/#respond\" class=\"post-comments\">0<\/a><div class=\"button-love\"><\/div><\/div><div class=\"post-excerpt\"><\/div><\/div><\/li><li class=\"post-19760 post type-post status-publish format-standard has-post-thumbnail hentry category-recettes\"><div class=\"photo\"><a href=\"https:\/\/www.laperlavalles.cat\/fr\/hummus\/\"><img width=\"960\" height=\"750\" src=\"https:\/\/www.laperlavalles.cat\/wp-content\/uploads\/2019\/11\/hummusgran-960x750.jpg\" class=\"scale-with-grid wp-post-image\" alt=\"\" loading=\"lazy\" srcset=\"https:\/\/www.laperlavalles.cat\/wp-content\/uploads\/2019\/11\/hummusgran-960x750.jpg 960w, https:\/\/www.laperlavalles.cat\/wp-content\/uploads\/2019\/11\/hummusgran-1280x1000.jpg 1280w\" sizes=\"(max-width: 960px) 100vw, 960px\" \/><\/a><\/div><div class=\"desc\"><h5><a href=\"https:\/\/www.laperlavalles.cat\/fr\/hummus\/\">Hummus<\/a><\/h5><div class=\"desc_footer\"><span class=\"date\"><i class=\"icon-clock\"><\/i> 20 novembre, 2019<\/span><i class=\"icon-comment-empty-fa\"><\/i> <a href=\"https:\/\/www.laperlavalles.cat\/fr\/hummus\/#respond\" class=\"post-comments\">0<\/a><div class=\"button-love\"><\/div><\/div><div class=\"post-excerpt\">Le houmous est un ap\u00e9ritif et l\u2019une des recettes les plus populaires du Moyen Orient. Il s\u2019agit essentiellement d\u2019une pur\u00e9e de pois chiche avec du jus<span class=\"excerpt-hellip\"> [\u2026]<\/span><\/div><\/div><\/li><li class=\"post-19761 post type-post status-publish format-standard has-post-thumbnail hentry category-recettes\"><div class=\"photo\"><a href=\"https:\/\/www.laperlavalles.cat\/fr\/couscous-avec-wok-de-legumes-creme-de-cacahuete-et-noix-de-coco\/\"><img width=\"805\" height=\"539\" src=\"https:\/\/www.laperlavalles.cat\/wp-content\/uploads\/2019\/11\/ensalada_cuscus.jpg\" class=\"scale-with-grid wp-post-image\" alt=\"\" loading=\"lazy\" srcset=\"https:\/\/www.laperlavalles.cat\/wp-content\/uploads\/2019\/11\/ensalada_cuscus.jpg 805w, https:\/\/www.laperlavalles.cat\/wp-content\/uploads\/2019\/11\/ensalada_cuscus-600x402.jpg 600w, https:\/\/www.laperlavalles.cat\/wp-content\/uploads\/2019\/11\/ensalada_cuscus-64x43.jpg 64w, https:\/\/www.laperlavalles.cat\/wp-content\/uploads\/2019\/11\/ensalada_cuscus-300x201.jpg 300w, https:\/\/www.laperlavalles.cat\/wp-content\/uploads\/2019\/11\/ensalada_cuscus-768x514.jpg 768w, https:\/\/www.laperlavalles.cat\/wp-content\/uploads\/2019\/11\/ensalada_cuscus-218x146.jpg 218w, https:\/\/www.laperlavalles.cat\/wp-content\/uploads\/2019\/11\/ensalada_cuscus-50x33.jpg 50w, https:\/\/www.laperlavalles.cat\/wp-content\/uploads\/2019\/11\/ensalada_cuscus-112x75.jpg 112w\" sizes=\"(max-width: 805px) 100vw, 805px\" \/><\/a><\/div><div class=\"desc\"><h5><a href=\"https:\/\/www.laperlavalles.cat\/fr\/couscous-avec-wok-de-legumes-creme-de-cacahuete-et-noix-de-coco\/\">Couscous avec wok de l\u00e9gumes, cr\u00e8me de cacahu\u00e8te et noix de coco<\/a><\/h5><div class=\"desc_footer\"><span class=\"date\"><i class=\"icon-clock\"><\/i> 20 novembre, 2019<\/span><i class=\"icon-comment-empty-fa\"><\/i> <a href=\"https:\/\/www.laperlavalles.cat\/fr\/couscous-avec-wok-de-legumes-creme-de-cacahuete-et-noix-de-coco\/#respond\" class=\"post-comments\">0<\/a><div class=\"button-love\"><\/div><\/div><div class=\"post-excerpt\">Le couscous est une sp\u00e9cialit\u00e9 traditionnelle berb\u00e8re, \u00e9labor\u00e9e \u00e0 base de semoule de bl\u00e9. On pourrait le consid\u00e9rer le plat typique de nombreux peuples du Nord<span class=\"excerpt-hellip\"> [\u2026]<\/span><\/div><\/div><\/li><li class=\"post-19762 post type-post status-publish format-standard has-post-thumbnail hentry category-recettes\"><div class=\"photo\"><a href=\"https:\/\/www.laperlavalles.cat\/fr\/genoise-de-farine-de-riz-et-yaourt-au-soja\/\"><img width=\"722\" height=\"480\" src=\"https:\/\/www.laperlavalles.cat\/wp-content\/uploads\/2019\/11\/bizcocho-con-harina-de-arroz1.jpg\" class=\"scale-with-grid wp-post-image\" alt=\"\" loading=\"lazy\" srcset=\"https:\/\/www.laperlavalles.cat\/wp-content\/uploads\/2019\/11\/bizcocho-con-harina-de-arroz1.jpg 722w, https:\/\/www.laperlavalles.cat\/wp-content\/uploads\/2019\/11\/bizcocho-con-harina-de-arroz1-600x399.jpg 600w, https:\/\/www.laperlavalles.cat\/wp-content\/uploads\/2019\/11\/bizcocho-con-harina-de-arroz1-64x43.jpg 64w, https:\/\/www.laperlavalles.cat\/wp-content\/uploads\/2019\/11\/bizcocho-con-harina-de-arroz1-300x199.jpg 300w, https:\/\/www.laperlavalles.cat\/wp-content\/uploads\/2019\/11\/bizcocho-con-harina-de-arroz1-220x146.jpg 220w, https:\/\/www.laperlavalles.cat\/wp-content\/uploads\/2019\/11\/bizcocho-con-harina-de-arroz1-50x33.jpg 50w, https:\/\/www.laperlavalles.cat\/wp-content\/uploads\/2019\/11\/bizcocho-con-harina-de-arroz1-113x75.jpg 113w\" sizes=\"(max-width: 722px) 100vw, 722px\" \/><\/a><\/div><div class=\"desc\"><h5><a href=\"https:\/\/www.laperlavalles.cat\/fr\/genoise-de-farine-de-riz-et-yaourt-au-soja\/\">G\u00e9noise de farine de riz et yaourt au soja<\/a><\/h5><div class=\"desc_footer\"><span class=\"date\"><i class=\"icon-clock\"><\/i> 20 novembre, 2019<\/span><i class=\"icon-comment-empty-fa\"><\/i> <a href=\"https:\/\/www.laperlavalles.cat\/fr\/genoise-de-farine-de-riz-et-yaourt-au-soja\/#respond\" class=\"post-comments\">0<\/a><div class=\"button-love\"><\/div><\/div><div class=\"post-excerpt\">Il existe un nombre incalculable de recettes de g\u00e9noises, en fonction des nombreuses vari\u00e9t\u00e9s de farines disponibles. Cette recette est \u00e9labor\u00e9e \u00e0 base de farine de<span class=\"excerpt-hellip\"> [\u2026]<\/span><\/div><\/div><\/li><li class=\"post-19764 post type-post status-publish format-standard has-post-thumbnail hentry category-recettes\"><div class=\"photo\"><a href=\"https:\/\/www.laperlavalles.cat\/fr\/creme-de-potiron-et-noix-de-coco\/\"><img width=\"960\" height=\"750\" src=\"https:\/\/www.laperlavalles.cat\/wp-content\/uploads\/2019\/10\/crema-de-calabaza2-960x750.jpg\" class=\"scale-with-grid wp-post-image\" alt=\"\" loading=\"lazy\" srcset=\"https:\/\/www.laperlavalles.cat\/wp-content\/uploads\/2019\/10\/crema-de-calabaza2-960x750.jpg 960w, https:\/\/www.laperlavalles.cat\/wp-content\/uploads\/2019\/10\/crema-de-calabaza2-1280x1000.jpg 1280w\" sizes=\"(max-width: 960px) 100vw, 960px\" \/><\/a><\/div><div class=\"desc\"><h5><a href=\"https:\/\/www.laperlavalles.cat\/fr\/creme-de-potiron-et-noix-de-coco\/\">Cr\u00e8me de potiron et noix de coco<\/a><\/h5><div class=\"desc_footer\"><span class=\"date\"><i class=\"icon-clock\"><\/i> 17 octobre, 2019<\/span><i class=\"icon-comment-empty-fa\"><\/i> <a href=\"https:\/\/www.laperlavalles.cat\/fr\/creme-de-potiron-et-noix-de-coco\/#respond\" class=\"post-comments\">0<\/a><div class=\"button-love\"><\/div><\/div><div class=\"post-excerpt\"><\/div><\/div><\/li><\/ul><\/div>\n[\/vc_column][\/vc_row]<\/p>\n","protected":false},"excerpt":{"rendered":"<p>[vc_row][vc_column][\/vc_column][\/vc_row]<\/p>\n","protected":false},"author":1,"featured_media":0,"parent":0,"menu_order":0,"comment_status":"closed","ping_status":"closed","template":"","meta":[],"_links":{"self":[{"href":"https:\/\/www.laperlavalles.cat\/fr\/wp-json\/wp\/v2\/pages\/19711"}],"collection":[{"href":"https:\/\/www.laperlavalles.cat\/fr\/wp-json\/wp\/v2\/pages"}],"about":[{"href":"https:\/\/www.laperlavalles.cat\/fr\/wp-json\/wp\/v2\/types\/page"}],"author":[{"embeddable":true,"href":"https:\/\/www.laperlavalles.cat\/fr\/wp-json\/wp\/v2\/users\/1"}],"replies":[{"embeddable":true,"href":"https:\/\/www.laperlavalles.cat\/fr\/wp-json\/wp\/v2\/comments?post=19711"}],"version-history":[{"count":0,"href":"https:\/\/www.laperlavalles.cat\/fr\/wp-json\/wp\/v2\/pages\/19711\/revisions"}],"wp:attachment":[{"href":"https:\/\/www.laperlavalles.cat\/fr\/wp-json\/wp\/v2\/media?parent=19711"}],"curies":[{"name":"wp","href":"https:\/\/api.w.org\/{rel}","templated":true}]}}