{"id":35092,"date":"2021-04-01T12:34:43","date_gmt":"2021-04-01T10:34:43","guid":{"rendered":"https:\/\/www.laperlavalles2.bcntic.com\/faqs\/"},"modified":"2024-07-17T16:38:50","modified_gmt":"2024-07-17T14:38:50","slug":"faqs","status":"publish","type":"page","link":"https:\/\/www.laperlavalles.cat\/fr\/faqs\/","title":{"rendered":"Faqs"},"content":{"rendered":"<p>[vc_row css=\u00a0\u00bb.vc_custom_1721227127654{padding-top: 60px !important;padding-bottom: 60px !important;}\u00a0\u00bb][vc_column][vc_custom_heading text=\u00a0\u00bbFAQ&rsquo;S\u00a0\u00bb font_container=\u00a0\u00bbtag:h1|font_size:65|text_align:center|color:%23a4343a|line_height:1.4em\u00a0\u00bb google_fonts=\u00a0\u00bbfont_family:Roboto%20Slab%3A100%2C300%2Cregular%2C700|font_style:400%20regular%3A400%3Anormal\u00a0\u00bb][\/vc_column][\/vc_row][vc_row el_class=\u00a0\u00bbfaqs-seccion\u00a0\u00bb][vc_column][vc_accordion active_tab=\u00a0\u00bbfalse\u00a0\u00bb collapsible=\u00a0\u00bbyes\u00a0\u00bb][vc_accordion_tab title=\u00a0\u00bbQui est La Perla?\u00a0\u00bb][vc_column_text el_class=\u00a0\u00bb.text-justificat\u00a0\u00bb]La Perla est un importateur et un distributeur d&rsquo;aliments ethniques, exotiques, mondiaux et internationaux.[\/vc_column_text][\/vc_accordion_tab][vc_accordion_tab title=\u00a0\u00bb\u00c0 qui vend La Perla?\u00a0\u00bb][vc_column_text el_class=\u00a0\u00bb.text-justificat\u00a0\u00bb]La Perla ne vend qu&rsquo;aux entreprises. Si vous \u00eates grossiste ou distributeur alimentaire, vous avez une \u00e9picerie, un supermarch\u00e9 ou un restaurant &#8230; Si vous faites partie d&rsquo;une entreprise de transformation alimentaire, contactez-nous.<\/p>\n<p>Si vous \u00eates grossiste cosm\u00e9tique ou distributeur de cosm\u00e9tiques sp\u00e9cialis\u00e9 dans les cosm\u00e9tiques africains, ou grossiste de cheveux synth\u00e9tiques ou distributeur de cheveux artificiels, contactez-nous.[\/vc_column_text][\/vc_accordion_tab][vc_accordion_tab title=\u00a0\u00bbLa Perla vend-elle au consommateur final?\u00a0\u00bb][vc_column_text el_class=\u00a0\u00bb.text-justificat\u00a0\u00bb]La Perla vend et livre uniquement aux d\u00e9taillants et aux grossistes. Nous ne vendons pas de produits aux consommateurs finaux.[\/vc_column_text][\/vc_accordion_tab][vc_accordion_tab title=\u00a0\u00bbComment puis-je \u00eatre client de La Perla?\u00a0\u00bb][vc_column_text el_class=\u00a0\u00bb.text-justificat\u00a0\u00bb]Pour \u00eatre client de La Perla, vous devez nous contacter en remplissant le formulaire web <strong><a href=\"https:\/\/www.laperlavalles.cat\/fr\/contact\/\" target=\"_blank\" rel=\"noopener\">\u00ab\u00a0contactez-nous\u00a0\u00bb<\/a><\/strong> depuis le menu contact. Une fois que nous aurons re\u00e7u votre formulaire de contact avec toutes vos informations, un directeur commercial vous contactera.[\/vc_column_text][\/vc_accordion_tab][vc_accordion_tab title=\u00a0\u00bbComment puis-je conna\u00eetre le prix des produits?\u00a0\u00bb][vc_column_text el_class=\u00a0\u00bb.text-justificat\u00a0\u00bb]Nous ne publions pas nos prix sur le Web en raison de la grande vari\u00e9t\u00e9 de clients que nous avons. Une fois que vous \u00eates client de La Perla, le responsable commercial de votre compte vous communiquera les prix des produits. De plus, vous pouvez voir les prix sur les factures pro-formas ou les factures d&rsquo;achat.[\/vc_column_text][\/vc_accordion_tab][vc_accordion_tab title=\u00a0\u00bbJe suis transporteur et je dois livrer une marchandise.\u00a0\u00bb][vc_column_text el_class=\u00a0\u00bb.text-justificat\u00a0\u00bb]Si vous \u00eates transporteur et que vous devez livrer une marchandise \u00e0 La Perla, vous devez le faire dans nos installations \u00e0 c \/ Marie Curie s \/ n Pol. Ind. Can Jorn de La Roca del Vall\u00e8s dans l\u2019horaire de l&rsquo;entrep\u00f4t 8:00-15:00.[\/vc_column_text][\/vc_accordion_tab][vc_accordion_tab title=\u00a0\u00bbJe souhaite proposer mes produits ou services \u00e0 La Perla\u00a0\u00bb][vc_column_text el_class=\u00a0\u00bb.text-justificat\u00a0\u00bb]Si vous souhaitez proposer vos produits ou services \u00e0 La Perla, vous pouvez nous contacter via le formulaire web <strong><a href=\"\/fr\/contact\" target=\"_blank\" rel=\"noopener\">\u00ab\u00a0contactez-nous\u00a0\u00bb<\/a><\/strong> depuis le menu contact. Une fois que nous aurons re\u00e7u votre formulaire de contact, la personne responsable des achats ou des services vous contactera.[\/vc_column_text][\/vc_accordion_tab][vc_accordion_tab title=\u00a0\u00bbJe souhaite d\u00e9poser une r\u00e9clamation concernant un produit ou une livraison de produit\u00a0\u00bb][vc_column_text el_class=\u00a0\u00bb.text-justificat\u00a0\u00bb]Si vous souhaitez d\u00e9poser une r\u00e9clamation concernant un produit ou une livraison de produit, vous devez contacter votre responsable commercial. En cas d&rsquo;endommagement du produit a cause du transport, vous devez le signaler sur le m\u00eame bon de livraison fourni par le transporteur et contacter imm\u00e9diatement votre responsable commercial.[\/vc_column_text][\/vc_accordion_tab][vc_accordion_tab title=\u00a0\u00bbJe souhaite retourner les produits achet\u00e9s \u00e0 La Perla, comment faire?\u00a0\u00bb][vc_column_text el_class=\u00a0\u00bb.text-justificat\u00a0\u00bb]Les produits \u00e0 retourner doivent \u00eatre pr\u00e9sent\u00e9s dans les m\u00eames conditions dans lesquelles ils ont \u00e9t\u00e9 livr\u00e9s: bo\u00eete, unit\u00e9s, mode de conservation des produits frais, r\u00e9frig\u00e9r\u00e9s ou surgel\u00e9s.<br \/>\nD\u00e9lais de retour:<\/p>\n<p>-15 jours \u00e0 compter de la date de r\u00e9ception, sauf pour les produits frais, qui sont de 24 heures \u00e0 compter de la date de r\u00e9ception.<\/p>\n<p>Pour proc\u00e9der au retour, vous devez contacter votre responsable commercial et il vous informera de la proc\u00e9dure \u00e0 suivre.[\/vc_column_text][\/vc_accordion_tab][vc_accordion_tab title=\u00a0\u00bbComment puis-je savoir quels produits La Perla vend?\u00a0\u00bb][vc_column_text el_class=\u00a0\u00bb.text-justificat\u00a0\u00bb]Pour conna\u00eetre le catalogue complet que propose La Perla, vous pouvez visiter la section <strong><a href=\"\/fr\/produits\" target=\"_blank\" rel=\"noopener\">\u00ab\u00a0Produits\u00a0\u00bb<\/a><\/strong> et parcourir toutes les cat\u00e9gories et sous-cat\u00e9gories de produits, ou vous pouvez visiter la section <strong><a href=\"\/fr\/catalogues\/\" target=\"_blank\" rel=\"noopener\">\u00ab\u00a0Catalogue\u00a0\u00bb<\/a><\/strong> pour t\u00e9l\u00e9charger les catalogues annuelles de La Perla en PDF..[\/vc_column_text][\/vc_accordion_tab][vc_accordion_tab title=\u00a0\u00bbLes produits La Perla r\u00e9pondent-ils aux normes de qualit\u00e9?\u00a0\u00bb][vc_column_text el_class=\u00a0\u00bb.text-justificat\u00a0\u00bb]Tous les produits alimentaires, cosm\u00e9tiques et cheveux artificiels vendus par La Perla proviennent de producteurs et fabricants qui respectent les normes de production, d&#8217;emballage, d&rsquo;\u00e9tiquetage et de distribution. Pour plus d&rsquo;informations, vous pouvez consulter les fiches techniques des produits supervis\u00e9s par notre \u00e9quipe Qualit\u00e9. Vous pouvez \u00e9galement consulter notre politique de s\u00e9curit\u00e9 alimentaire <a href=\"\/wp-content\/uploads\/2020\/02\/Politica-de-seguretat-alimentaria.pdf\" target=\"_blank\" rel=\"noopener\"><strong>ici<\/strong><\/a>.[\/vc_column_text][\/vc_accordion_tab][\/vc_accordion][\/vc_column][\/vc_row]<\/p>\n","protected":false},"excerpt":{"rendered":"<p>[vc_row css=\u00a0\u00bb.vc_custom_1721227127654{padding-top: 60px !important;padding-bottom: 60px !important;}\u00a0\u00bb][vc_column][vc_custom_heading text=\u00a0\u00bbFAQ&rsquo;S\u00a0\u00bb font_container=\u00a0\u00bbtag:h1|font_size:65|text_align:center|color:%23a4343a|line_height:1.4em\u00a0\u00bb google_fonts=\u00a0\u00bbfont_family:Roboto%20Slab%3A100%2C300%2Cregular%2C700|font_style:400%20regular%3A400%3Anormal\u00a0\u00bb][\/vc_column][\/vc_row][vc_row el_class=\u00a0\u00bbfaqs-seccion\u00a0\u00bb][vc_column][vc_accordion active_tab=\u00a0\u00bbfalse\u00a0\u00bb collapsible=\u00a0\u00bbyes\u00a0\u00bb][vc_accordion_tab title=\u00a0\u00bbQui est La Perla?\u00a0\u00bb][vc_column_text el_class=\u00a0\u00bb.text-justificat\u00a0\u00bb]La Perla est un importateur et un distributeur d&rsquo;aliments ethniques,<span class=\"excerpt-hellip\"> [\u2026]<\/span><\/p>\n","protected":false},"author":1,"featured_media":0,"parent":0,"menu_order":0,"comment_status":"closed","ping_status":"closed","template":"","meta":[],"_links":{"self":[{"href":"https:\/\/www.laperlavalles.cat\/fr\/wp-json\/wp\/v2\/pages\/35092"}],"collection":[{"href":"https:\/\/www.laperlavalles.cat\/fr\/wp-json\/wp\/v2\/pages"}],"about":[{"href":"https:\/\/www.laperlavalles.cat\/fr\/wp-json\/wp\/v2\/types\/page"}],"author":[{"embeddable":true,"href":"https:\/\/www.laperlavalles.cat\/fr\/wp-json\/wp\/v2\/users\/1"}],"replies":[{"embeddable":true,"href":"https:\/\/www.laperlavalles.cat\/fr\/wp-json\/wp\/v2\/comments?post=35092"}],"version-history":[{"count":6,"href":"https:\/\/www.laperlavalles.cat\/fr\/wp-json\/wp\/v2\/pages\/35092\/revisions"}],"predecessor-version":[{"id":179364,"href":"https:\/\/www.laperlavalles.cat\/fr\/wp-json\/wp\/v2\/pages\/35092\/revisions\/179364"}],"wp:attachment":[{"href":"https:\/\/www.laperlavalles.cat\/fr\/wp-json\/wp\/v2\/media?parent=35092"}],"curies":[{"name":"wp","href":"https:\/\/api.w.org\/{rel}","templated":true}]}}