{"id":115214,"date":"2022-02-18T17:01:28","date_gmt":"2022-02-18T16:01:46","guid":{"rendered":"https:\/\/www.laperlavalles.cat\/product\/haricots-blancs-cuits-mocitos\/"},"modified":"2024-07-02T21:30:25","modified_gmt":"2024-07-02T19:30:25","slug":"haricots-blancs-cuits-mocitos","status":"publish","type":"product","link":"https:\/\/www.laperlavalles.cat\/fr\/produit\/haricots-blancs-cuits-mocitos\/","title":{"rendered":"HARICOTS BLANCS CUITS MOCITOS"},"content":{"rendered":"<p>La Perla est un fournisseur de l\u00e9gumineuses, un fournisseur de noix et d&rsquo;autres aliments. Dans notre catalogue, vous pouvez trouver des l\u00e9gumes en vrac et des l\u00e9gumes en conserve.<\/p>\n","protected":false},"excerpt":{"rendered":"<p>La Perla est un fournisseur de l\u00e9gumineuses, un fournisseur de noix et d&rsquo;autres aliments. Dans notre catalogue, vous pouvez trouver des l\u00e9gumes en vrac et des<span class=\"excerpt-hellip\"> [\u2026]<\/span><\/p>\n","protected":false},"featured_media":144710,"comment_status":"open","ping_status":"closed","template":"","meta":[],"product_cat":[10616],"product_tag":[],"_links":{"self":[{"href":"https:\/\/www.laperlavalles.cat\/fr\/wp-json\/wp\/v2\/product\/115214"}],"collection":[{"href":"https:\/\/www.laperlavalles.cat\/fr\/wp-json\/wp\/v2\/product"}],"about":[{"href":"https:\/\/www.laperlavalles.cat\/fr\/wp-json\/wp\/v2\/types\/product"}],"replies":[{"embeddable":true,"href":"https:\/\/www.laperlavalles.cat\/fr\/wp-json\/wp\/v2\/comments?post=115214"}],"wp:featuredmedia":[{"embeddable":true,"href":"https:\/\/www.laperlavalles.cat\/fr\/wp-json\/wp\/v2\/media\/144710"}],"wp:attachment":[{"href":"https:\/\/www.laperlavalles.cat\/fr\/wp-json\/wp\/v2\/media?parent=115214"}],"wp:term":[{"taxonomy":"product_cat","embeddable":true,"href":"https:\/\/www.laperlavalles.cat\/fr\/wp-json\/wp\/v2\/product_cat?post=115214"},{"taxonomy":"product_tag","embeddable":true,"href":"https:\/\/www.laperlavalles.cat\/fr\/wp-json\/wp\/v2\/product_tag?post=115214"}],"curies":[{"name":"wp","href":"https:\/\/api.w.org\/{rel}","templated":true}]}}