{"id":115274,"date":"2022-02-18T17:02:49","date_gmt":"2022-02-18T16:03:07","guid":{"rendered":"https:\/\/www.laperlavalles.cat\/product\/sauce-poke-kikkoman-975ml\/"},"modified":"2023-03-30T13:07:48","modified_gmt":"2023-03-30T11:07:48","slug":"sauce-poke-kikkoman-975ml","status":"publish","type":"product","link":"https:\/\/www.laperlavalles.cat\/fr\/produit\/sauce-poke-kikkoman-975ml\/","title":{"rendered":"SAUCE POKE KIKKOMAN 975ML"},"content":{"rendered":"<p>Sauce pok\u00e9 Kikoman.<br \/>\nKikkoman Poke Sauce est la solution pour un Poke Bowl parfait.<br \/>\nLa sauce savoureuse est \u00e0 base de sauce soja classique, d&rsquo;huile de s\u00e9same grill\u00e9, d&rsquo;une touche de jus de citron et d&rsquo;un soup\u00e7on de piment.<br \/>\nCette sauce Kikkoman convient aux v\u00e9g\u00e9taliens.<\/p>\n","protected":false},"excerpt":{"rendered":"<p>Sauce pok\u00e9 Kikoman. Kikkoman Poke Sauce est la solution pour un Poke Bowl parfait. La sauce savoureuse est \u00e0 base de sauce soja classique, d&rsquo;huile de<span class=\"excerpt-hellip\"> [\u2026]<\/span><\/p>\n","protected":false},"featured_media":144662,"comment_status":"open","ping_status":"closed","template":"","meta":[],"product_cat":[8449,8580],"product_tag":[],"_links":{"self":[{"href":"https:\/\/www.laperlavalles.cat\/fr\/wp-json\/wp\/v2\/product\/115274"}],"collection":[{"href":"https:\/\/www.laperlavalles.cat\/fr\/wp-json\/wp\/v2\/product"}],"about":[{"href":"https:\/\/www.laperlavalles.cat\/fr\/wp-json\/wp\/v2\/types\/product"}],"replies":[{"embeddable":true,"href":"https:\/\/www.laperlavalles.cat\/fr\/wp-json\/wp\/v2\/comments?post=115274"}],"wp:featuredmedia":[{"embeddable":true,"href":"https:\/\/www.laperlavalles.cat\/fr\/wp-json\/wp\/v2\/media\/144662"}],"wp:attachment":[{"href":"https:\/\/www.laperlavalles.cat\/fr\/wp-json\/wp\/v2\/media?parent=115274"}],"wp:term":[{"taxonomy":"product_cat","embeddable":true,"href":"https:\/\/www.laperlavalles.cat\/fr\/wp-json\/wp\/v2\/product_cat?post=115274"},{"taxonomy":"product_tag","embeddable":true,"href":"https:\/\/www.laperlavalles.cat\/fr\/wp-json\/wp\/v2\/product_tag?post=115274"}],"curies":[{"name":"wp","href":"https:\/\/api.w.org\/{rel}","templated":true}]}}