{"id":115354,"date":"2022-02-18T17:04:38","date_gmt":"2022-02-18T16:04:55","guid":{"rendered":"https:\/\/www.laperlavalles.cat\/product\/sauce-chilli-doux-thai-2-35kg-lee-kum-kee\/"},"modified":"2024-07-10T12:59:32","modified_gmt":"2024-07-10T10:59:32","slug":"sauce-chilli-doux-thai-2-35kg-lee-kum-kee","status":"publish","type":"product","link":"https:\/\/www.laperlavalles.cat\/fr\/produit\/sauce-chilli-doux-thai-2-35kg-lee-kum-kee\/","title":{"rendered":"SAUCE CHILLI DOUX THAI 2.35KG LEE KUM KEE"},"content":{"rendered":"<p>La sauce au piment doux de style tha\u00eflandais est une sauce pr\u00e9par\u00e9e selon la recette tha\u00eflandaise classique qui a inspir\u00e9 des plats \u00e0 travers l&rsquo;Asie et le monde avec une saveur douce et fruit\u00e9e douce avec une pointe d&rsquo;\u00e9pice. Nous offrons une large gamme de sauces orientales et de sauces chinoises telles que Lee Kum Kee.<\/p>\n","protected":false},"excerpt":{"rendered":"<p>La sauce au piment doux de style tha\u00eflandais est une sauce pr\u00e9par\u00e9e selon la recette tha\u00eflandaise classique qui a inspir\u00e9 des plats \u00e0 travers l&rsquo;Asie et<span class=\"excerpt-hellip\"> [\u2026]<\/span><\/p>\n","protected":false},"featured_media":172711,"comment_status":"open","ping_status":"closed","template":"","meta":[],"product_cat":[10616],"product_tag":[],"_links":{"self":[{"href":"https:\/\/www.laperlavalles.cat\/fr\/wp-json\/wp\/v2\/product\/115354"}],"collection":[{"href":"https:\/\/www.laperlavalles.cat\/fr\/wp-json\/wp\/v2\/product"}],"about":[{"href":"https:\/\/www.laperlavalles.cat\/fr\/wp-json\/wp\/v2\/types\/product"}],"replies":[{"embeddable":true,"href":"https:\/\/www.laperlavalles.cat\/fr\/wp-json\/wp\/v2\/comments?post=115354"}],"wp:featuredmedia":[{"embeddable":true,"href":"https:\/\/www.laperlavalles.cat\/fr\/wp-json\/wp\/v2\/media\/172711"}],"wp:attachment":[{"href":"https:\/\/www.laperlavalles.cat\/fr\/wp-json\/wp\/v2\/media?parent=115354"}],"wp:term":[{"taxonomy":"product_cat","embeddable":true,"href":"https:\/\/www.laperlavalles.cat\/fr\/wp-json\/wp\/v2\/product_cat?post=115354"},{"taxonomy":"product_tag","embeddable":true,"href":"https:\/\/www.laperlavalles.cat\/fr\/wp-json\/wp\/v2\/product_tag?post=115354"}],"curies":[{"name":"wp","href":"https:\/\/api.w.org\/{rel}","templated":true}]}}