{"id":115374,"date":"2022-02-18T17:05:04","date_gmt":"2022-02-18T16:05:21","guid":{"rendered":"https:\/\/www.laperlavalles.cat\/product\/sauce-aigre-douce-2-3kg-lee-kum-kee\/"},"modified":"2024-07-10T13:09:17","modified_gmt":"2024-07-10T11:09:17","slug":"sauce-aigre-douce-2-3kg-lee-kum-kee","status":"publish","type":"product","link":"https:\/\/www.laperlavalles.cat\/fr\/produit\/sauce-aigre-douce-2-3kg-lee-kum-kee\/","title":{"rendered":"SAUCE AIGRE-DOUCE 2.3KG LEE KUM KEE"},"content":{"rendered":"<p>La sauce Sweet &amp; Sour Lkk est la sauce aigre-douce typique de la cuisine orientale pour pr\u00e9parer des recettes traditionnelles. Gr\u00e2ce \u00e0 son grand format, c&rsquo;est une sauce id\u00e9ale pour la fili\u00e8re HORECA.<br \/>\nLa marque LKK est la marque la plus vendue de sauces en Chine, et propose dans son catalogue la fameuse sauce aux hu\u00eetres Panda. La Perla est le distributeur officiel des sauces Lee Kum Kee.<\/p>\n","protected":false},"excerpt":{"rendered":"<p>La sauce Sweet &amp; Sour Lkk est la sauce aigre-douce typique de la cuisine orientale pour pr\u00e9parer des recettes traditionnelles. Gr\u00e2ce \u00e0 son grand format, c&rsquo;est<span class=\"excerpt-hellip\"> [\u2026]<\/span><\/p>\n","protected":false},"featured_media":172727,"comment_status":"open","ping_status":"closed","template":"","meta":[],"product_cat":[10616],"product_tag":[],"_links":{"self":[{"href":"https:\/\/www.laperlavalles.cat\/fr\/wp-json\/wp\/v2\/product\/115374"}],"collection":[{"href":"https:\/\/www.laperlavalles.cat\/fr\/wp-json\/wp\/v2\/product"}],"about":[{"href":"https:\/\/www.laperlavalles.cat\/fr\/wp-json\/wp\/v2\/types\/product"}],"replies":[{"embeddable":true,"href":"https:\/\/www.laperlavalles.cat\/fr\/wp-json\/wp\/v2\/comments?post=115374"}],"wp:featuredmedia":[{"embeddable":true,"href":"https:\/\/www.laperlavalles.cat\/fr\/wp-json\/wp\/v2\/media\/172727"}],"wp:attachment":[{"href":"https:\/\/www.laperlavalles.cat\/fr\/wp-json\/wp\/v2\/media?parent=115374"}],"wp:term":[{"taxonomy":"product_cat","embeddable":true,"href":"https:\/\/www.laperlavalles.cat\/fr\/wp-json\/wp\/v2\/product_cat?post=115374"},{"taxonomy":"product_tag","embeddable":true,"href":"https:\/\/www.laperlavalles.cat\/fr\/wp-json\/wp\/v2\/product_tag?post=115374"}],"curies":[{"name":"wp","href":"https:\/\/api.w.org\/{rel}","templated":true}]}}