{"id":115394,"date":"2022-02-18T17:05:30","date_gmt":"2022-02-18T16:05:47","guid":{"rendered":"https:\/\/www.laperlavalles.cat\/product\/sauce-teriyaki-2-2kg-lee-kum-kee\/"},"modified":"2024-06-10T17:50:11","modified_gmt":"2024-06-10T15:50:11","slug":"sauce-teriyaki-2-2kg-lee-kum-kee","status":"publish","type":"product","link":"https:\/\/www.laperlavalles.cat\/fr\/produit\/sauce-teriyaki-2-2kg-lee-kum-kee\/","title":{"rendered":"SAUCE TERIYAKI 2.2KG LEE KUM KEE"},"content":{"rendered":"<p>La sauce Teriyaki LKK est la sauce traditionnelle chinoise riche, savoureuse et collante remplie d&rsquo;\u00e9pices. Il est principalement utilis\u00e9 pour les brochettes de viande ou de fruits de mer, pour mariner la viande, le poisson et les l\u00e9gumes, griller et frire.<br \/>\nLa marque LKK est la marque la plus vendue de sauces en Chine et propose dans son catalogue des sauces chinoises pour le commerce de d\u00e9tail et des sauces chinoises pour le circuit HORECA. La Perla est le distributeur officiel des sauces Lee Kum Kee.<\/p>\n","protected":false},"excerpt":{"rendered":"<p>La sauce Teriyaki LKK est la sauce traditionnelle chinoise riche, savoureuse et collante remplie d&rsquo;\u00e9pices. Il est principalement utilis\u00e9 pour les brochettes de viande ou de<span class=\"excerpt-hellip\"> [\u2026]<\/span><\/p>\n","protected":false},"featured_media":172743,"comment_status":"open","ping_status":"closed","template":"","meta":[],"product_cat":[10616],"product_tag":[],"_links":{"self":[{"href":"https:\/\/www.laperlavalles.cat\/fr\/wp-json\/wp\/v2\/product\/115394"}],"collection":[{"href":"https:\/\/www.laperlavalles.cat\/fr\/wp-json\/wp\/v2\/product"}],"about":[{"href":"https:\/\/www.laperlavalles.cat\/fr\/wp-json\/wp\/v2\/types\/product"}],"replies":[{"embeddable":true,"href":"https:\/\/www.laperlavalles.cat\/fr\/wp-json\/wp\/v2\/comments?post=115394"}],"wp:featuredmedia":[{"embeddable":true,"href":"https:\/\/www.laperlavalles.cat\/fr\/wp-json\/wp\/v2\/media\/172743"}],"wp:attachment":[{"href":"https:\/\/www.laperlavalles.cat\/fr\/wp-json\/wp\/v2\/media?parent=115394"}],"wp:term":[{"taxonomy":"product_cat","embeddable":true,"href":"https:\/\/www.laperlavalles.cat\/fr\/wp-json\/wp\/v2\/product_cat?post=115394"},{"taxonomy":"product_tag","embeddable":true,"href":"https:\/\/www.laperlavalles.cat\/fr\/wp-json\/wp\/v2\/product_tag?post=115394"}],"curies":[{"name":"wp","href":"https:\/\/api.w.org\/{rel}","templated":true}]}}