{"id":115615,"date":"2022-02-18T17:10:22","date_gmt":"2022-02-18T16:10:40","guid":{"rendered":"https:\/\/www.laperlavalles.cat\/product\/sauce-de-soya-kikkoman-250ml-moins-de-sel\/"},"modified":"2023-06-23T10:12:15","modified_gmt":"2023-06-23T08:12:15","slug":"sauce-de-soya-kikkoman-250ml-moins-de-sel","status":"publish","type":"product","link":"https:\/\/www.laperlavalles.cat\/fr\/produit\/sauce-de-soya-kikkoman-250ml-moins-de-sel\/","title":{"rendered":"SAUCE DE SOYA KIKKOMAN 250ML (MOINS DE SEL)"},"content":{"rendered":"<p>La sauce soja Kikkoman est la sauce soja naturellement ferment\u00e9e de Kikkoman qui est pr\u00e9par\u00e9e selon une recette traditionnelle utilisant les quatre ingr\u00e9dients purs: soja, bl\u00e9, eau et sel, sans additifs artificiels, colorants, conservateurs ou exhausteurs de go\u00fbt. Il contient -43% plus de sel que la sauce soja traditionnelle Kikkoman.<\/p>\n","protected":false},"excerpt":{"rendered":"<p>La sauce soja Kikkoman est la sauce soja naturellement ferment\u00e9e de Kikkoman qui est pr\u00e9par\u00e9e selon une recette traditionnelle utilisant les quatre ingr\u00e9dients purs: soja, bl\u00e9,<span class=\"excerpt-hellip\"> [\u2026]<\/span><\/p>\n","protected":false},"featured_media":162951,"comment_status":"open","ping_status":"closed","template":"","meta":[],"product_cat":[8449,8580],"product_tag":[],"_links":{"self":[{"href":"https:\/\/www.laperlavalles.cat\/fr\/wp-json\/wp\/v2\/product\/115615"}],"collection":[{"href":"https:\/\/www.laperlavalles.cat\/fr\/wp-json\/wp\/v2\/product"}],"about":[{"href":"https:\/\/www.laperlavalles.cat\/fr\/wp-json\/wp\/v2\/types\/product"}],"replies":[{"embeddable":true,"href":"https:\/\/www.laperlavalles.cat\/fr\/wp-json\/wp\/v2\/comments?post=115615"}],"wp:featuredmedia":[{"embeddable":true,"href":"https:\/\/www.laperlavalles.cat\/fr\/wp-json\/wp\/v2\/media\/162951"}],"wp:attachment":[{"href":"https:\/\/www.laperlavalles.cat\/fr\/wp-json\/wp\/v2\/media?parent=115615"}],"wp:term":[{"taxonomy":"product_cat","embeddable":true,"href":"https:\/\/www.laperlavalles.cat\/fr\/wp-json\/wp\/v2\/product_cat?post=115615"},{"taxonomy":"product_tag","embeddable":true,"href":"https:\/\/www.laperlavalles.cat\/fr\/wp-json\/wp\/v2\/product_tag?post=115615"}],"curies":[{"name":"wp","href":"https:\/\/api.w.org\/{rel}","templated":true}]}}