{"id":115675,"date":"2022-02-18T17:11:42","date_gmt":"2022-02-18T16:11:59","guid":{"rendered":"https:\/\/www.laperlavalles.cat\/product\/sauce-de-soya-kikkoman-19l\/"},"modified":"2023-06-23T11:02:07","modified_gmt":"2023-06-23T09:02:07","slug":"sauce-de-soya-kikkoman-19l","status":"publish","type":"product","link":"https:\/\/www.laperlavalles.cat\/fr\/produit\/sauce-de-soya-kikkoman-19l\/","title":{"rendered":"SAUCE DE SOYA KIKKOMAN 1,9L"},"content":{"rendered":"<p>La sauce de soja Kikkoman Classic est une sauce de soja naturellement ferment\u00e9e qui est fabriqu\u00e9e selon une recette traditionnelle utilisant les quatre ingr\u00e9dients purs : soja, bl\u00e9, eau et sel, sans additifs artificiels, colorants, conservateurs ou exhausteurs de go\u00fbt. La caract\u00e9ristique indubitable de la sauce de soja naturellement ferment\u00e9e Kikkoman : la couleur acajou transparente, ainsi que l&rsquo;ar\u00f4me incomparable.<\/p>\n","protected":false},"excerpt":{"rendered":"<p>La sauce de soja Kikkoman Classic est une sauce de soja naturellement ferment\u00e9e qui est fabriqu\u00e9e selon une recette traditionnelle utilisant les quatre ingr\u00e9dients purs :<span class=\"excerpt-hellip\"> [\u2026]<\/span><\/p>\n","protected":false},"featured_media":165191,"comment_status":"open","ping_status":"closed","template":"","meta":[],"product_cat":[8449,8580],"product_tag":[],"_links":{"self":[{"href":"https:\/\/www.laperlavalles.cat\/fr\/wp-json\/wp\/v2\/product\/115675"}],"collection":[{"href":"https:\/\/www.laperlavalles.cat\/fr\/wp-json\/wp\/v2\/product"}],"about":[{"href":"https:\/\/www.laperlavalles.cat\/fr\/wp-json\/wp\/v2\/types\/product"}],"replies":[{"embeddable":true,"href":"https:\/\/www.laperlavalles.cat\/fr\/wp-json\/wp\/v2\/comments?post=115675"}],"wp:featuredmedia":[{"embeddable":true,"href":"https:\/\/www.laperlavalles.cat\/fr\/wp-json\/wp\/v2\/media\/165191"}],"wp:attachment":[{"href":"https:\/\/www.laperlavalles.cat\/fr\/wp-json\/wp\/v2\/media?parent=115675"}],"wp:term":[{"taxonomy":"product_cat","embeddable":true,"href":"https:\/\/www.laperlavalles.cat\/fr\/wp-json\/wp\/v2\/product_cat?post=115675"},{"taxonomy":"product_tag","embeddable":true,"href":"https:\/\/www.laperlavalles.cat\/fr\/wp-json\/wp\/v2\/product_tag?post=115675"}],"curies":[{"name":"wp","href":"https:\/\/api.w.org\/{rel}","templated":true}]}}