{"id":115715,"date":"2022-02-18T17:12:36","date_gmt":"2022-02-18T16:12:54","guid":{"rendered":"https:\/\/www.laperlavalles.cat\/product\/huile-de-sesame-pure-207ml-lee-kum-kee\/"},"modified":"2024-06-10T15:30:01","modified_gmt":"2024-06-10T13:30:01","slug":"huile-de-sesame-pure-207ml-lee-kum-kee","status":"publish","type":"product","link":"https:\/\/www.laperlavalles.cat\/fr\/produit\/huile-de-sesame-pure-207ml-lee-kum-kee\/","title":{"rendered":"HUILE DE S\u00c9SAME PURE 207ML LEE KUM KEE"},"content":{"rendered":"<p>L&rsquo;huile de s\u00e9same pure LKK est une huile 100% pure \u00e0 base de graines de s\u00e9same grill\u00e9es. Il offre un ar\u00f4me de noisette avec juste quelques tirets. Parfait pour les marinades, les saut\u00e9s, les salades et les nouilles.<br \/>\nLa Perla est le distributeur officiel de la prestigieuse marque de sauces chinoises Lee Kum Kee. Consultez notre catalogue pour la gamme compl\u00e8te de sauces chinoises que nous vendons.<\/p>\n","protected":false},"excerpt":{"rendered":"<p>L&rsquo;huile de s\u00e9same pure LKK est une huile 100% pure \u00e0 base de graines de s\u00e9same grill\u00e9es. Il offre un ar\u00f4me de noisette avec juste quelques<span class=\"excerpt-hellip\"> [\u2026]<\/span><\/p>\n","protected":false},"featured_media":169431,"comment_status":"open","ping_status":"closed","template":"","meta":[],"product_cat":[10616],"product_tag":[],"_links":{"self":[{"href":"https:\/\/www.laperlavalles.cat\/fr\/wp-json\/wp\/v2\/product\/115715"}],"collection":[{"href":"https:\/\/www.laperlavalles.cat\/fr\/wp-json\/wp\/v2\/product"}],"about":[{"href":"https:\/\/www.laperlavalles.cat\/fr\/wp-json\/wp\/v2\/types\/product"}],"replies":[{"embeddable":true,"href":"https:\/\/www.laperlavalles.cat\/fr\/wp-json\/wp\/v2\/comments?post=115715"}],"wp:featuredmedia":[{"embeddable":true,"href":"https:\/\/www.laperlavalles.cat\/fr\/wp-json\/wp\/v2\/media\/169431"}],"wp:attachment":[{"href":"https:\/\/www.laperlavalles.cat\/fr\/wp-json\/wp\/v2\/media?parent=115715"}],"wp:term":[{"taxonomy":"product_cat","embeddable":true,"href":"https:\/\/www.laperlavalles.cat\/fr\/wp-json\/wp\/v2\/product_cat?post=115715"},{"taxonomy":"product_tag","embeddable":true,"href":"https:\/\/www.laperlavalles.cat\/fr\/wp-json\/wp\/v2\/product_tag?post=115715"}],"curies":[{"name":"wp","href":"https:\/\/api.w.org\/{rel}","templated":true}]}}