{"id":115735,"date":"2022-02-18T17:13:03","date_gmt":"2022-02-18T16:13:23","guid":{"rendered":"https:\/\/www.laperlavalles.cat\/product\/sauce-soja-tamari-kikkoman-1l\/"},"modified":"2023-06-23T14:19:07","modified_gmt":"2023-06-23T12:19:07","slug":"sauce-soja-tamari-kikkoman-1l","status":"publish","type":"product","link":"https:\/\/www.laperlavalles.cat\/fr\/produit\/sauce-soja-tamari-kikkoman-1l\/","title":{"rendered":"SAUCE SOJA TAMARI KIKKOMAN 1L"},"content":{"rendered":"<p>Sauce soja tamari sans gluten<br \/>\nLa sauce soja naturellement ferment\u00e9e Kikkoman existe en version sans gluten.<br \/>\nLa sauce soja Tamari sans gluten peut remplacer le reste de nos sauces en toute occasion car elle est polyvalente et d\u00e9licieuse comme la sauce classique. Et comme la sauce est \u00e9galement appr\u00e9ci\u00e9e des personnes sans intol\u00e9rance, vous pouvez vous passer de deux sauces diff\u00e9rentes lors de la cuisson.<br \/>\nLa sauce soja Tamari sans gluten est non seulement sans gluten, mais \u00e9galement halal. Par cons\u00e9quent, il peut \u00e9galement \u00eatre utilis\u00e9 sans h\u00e9sitation par les personnes de confession musulmane pour cuisiner, assaisonner ou raffiner. Il suffit de regarder les sceaux certifi\u00e9s sans gluten et halal sur l&rsquo;\u00e9tiquette.<br \/>\nSauce sans gluten, v\u00e9g\u00e9talienne et halal.<\/p>\n","protected":false},"excerpt":{"rendered":"<p>Sauce soja tamari sans gluten La sauce soja naturellement ferment\u00e9e Kikkoman existe en version sans gluten. La sauce soja Tamari sans gluten peut remplacer le reste<span class=\"excerpt-hellip\"> [\u2026]<\/span><\/p>\n","protected":false},"featured_media":174039,"comment_status":"open","ping_status":"closed","template":"","meta":[],"product_cat":[8449,8580],"product_tag":[],"_links":{"self":[{"href":"https:\/\/www.laperlavalles.cat\/fr\/wp-json\/wp\/v2\/product\/115735"}],"collection":[{"href":"https:\/\/www.laperlavalles.cat\/fr\/wp-json\/wp\/v2\/product"}],"about":[{"href":"https:\/\/www.laperlavalles.cat\/fr\/wp-json\/wp\/v2\/types\/product"}],"replies":[{"embeddable":true,"href":"https:\/\/www.laperlavalles.cat\/fr\/wp-json\/wp\/v2\/comments?post=115735"}],"wp:featuredmedia":[{"embeddable":true,"href":"https:\/\/www.laperlavalles.cat\/fr\/wp-json\/wp\/v2\/media\/174039"}],"wp:attachment":[{"href":"https:\/\/www.laperlavalles.cat\/fr\/wp-json\/wp\/v2\/media?parent=115735"}],"wp:term":[{"taxonomy":"product_cat","embeddable":true,"href":"https:\/\/www.laperlavalles.cat\/fr\/wp-json\/wp\/v2\/product_cat?post=115735"},{"taxonomy":"product_tag","embeddable":true,"href":"https:\/\/www.laperlavalles.cat\/fr\/wp-json\/wp\/v2\/product_tag?post=115735"}],"curies":[{"name":"wp","href":"https:\/\/api.w.org\/{rel}","templated":true}]}}