{"id":115835,"date":"2022-02-18T17:15:25","date_gmt":"2022-02-18T16:15:42","guid":{"rendered":"https:\/\/www.laperlavalles.cat\/product\/sauce-poke-kikkoman-250ml\/"},"modified":"2025-12-04T13:40:25","modified_gmt":"2025-12-04T12:40:25","slug":"sauce-poke-kikkoman-250ml","status":"publish","type":"product","link":"https:\/\/www.laperlavalles.cat\/fr\/produit\/sauce-poke-kikkoman-250ml\/","title":{"rendered":"SAUCE POKE KIKKOMAN 250ML"},"content":{"rendered":"<p>Sauce pok\u00e9 Kikoman.<br \/>\nKikkoman Poke Sauce est la solution pour un Poke Bowl parfait.<br \/>\nLa sauce savoureuse est \u00e0 base de sauce soja classique, d&rsquo;huile de s\u00e9same grill\u00e9, d&rsquo;une touche de jus de citron et d&rsquo;un soup\u00e7on de piment.<br \/>\nCette sauce Kikkoman convient aux v\u00e9g\u00e9taliens.<br \/>\nLa Perla distribue des sauces pour le canal de vente au d\u00e9tail et pour le canal Horeca.<\/p>\n","protected":false},"excerpt":{"rendered":"<p>Sauce pok\u00e9 Kikoman. Kikkoman Poke Sauce est la solution pour un Poke Bowl parfait. La sauce savoureuse est \u00e0 base de sauce soja classique, d&rsquo;huile de<span class=\"excerpt-hellip\"> [\u2026]<\/span><\/p>\n","protected":false},"featured_media":143110,"comment_status":"open","ping_status":"closed","template":"","meta":[],"product_cat":[10616],"product_tag":[],"_links":{"self":[{"href":"https:\/\/www.laperlavalles.cat\/fr\/wp-json\/wp\/v2\/product\/115835"}],"collection":[{"href":"https:\/\/www.laperlavalles.cat\/fr\/wp-json\/wp\/v2\/product"}],"about":[{"href":"https:\/\/www.laperlavalles.cat\/fr\/wp-json\/wp\/v2\/types\/product"}],"replies":[{"embeddable":true,"href":"https:\/\/www.laperlavalles.cat\/fr\/wp-json\/wp\/v2\/comments?post=115835"}],"wp:featuredmedia":[{"embeddable":true,"href":"https:\/\/www.laperlavalles.cat\/fr\/wp-json\/wp\/v2\/media\/143110"}],"wp:attachment":[{"href":"https:\/\/www.laperlavalles.cat\/fr\/wp-json\/wp\/v2\/media?parent=115835"}],"wp:term":[{"taxonomy":"product_cat","embeddable":true,"href":"https:\/\/www.laperlavalles.cat\/fr\/wp-json\/wp\/v2\/product_cat?post=115835"},{"taxonomy":"product_tag","embeddable":true,"href":"https:\/\/www.laperlavalles.cat\/fr\/wp-json\/wp\/v2\/product_tag?post=115835"}],"curies":[{"name":"wp","href":"https:\/\/api.w.org\/{rel}","templated":true}]}}