{"id":115915,"date":"2022-02-18T17:17:15","date_gmt":"2022-02-18T16:17:34","guid":{"rendered":"https:\/\/www.laperlavalles.cat\/product\/sauce-soja-sucree-pour-riz-kikkoman-975-ml-2\/"},"modified":"2023-06-26T07:50:24","modified_gmt":"2023-06-26T05:50:24","slug":"sauce-soja-sucree-pour-riz-kikkoman-975-ml-2","status":"publish","type":"product","link":"https:\/\/www.laperlavalles.cat\/fr\/produit\/sauce-soja-sucree-pour-riz-kikkoman-975-ml-2\/","title":{"rendered":"SAUCE SOJA SUCREE POUR RIZ KIKKOMAN 975 ML"},"content":{"rendered":"<p>La sauce soja sucr\u00e9e Kikkoman pour riz est pr\u00e9par\u00e9e avec de la sauce soja Kikkoman brass\u00e9e traditionnellement. Fabriqu\u00e9 \u00e0 partir d&rsquo;ingr\u00e9dients soigneusement s\u00e9lectionn\u00e9s, il rehausse agr\u00e9ablement la saveur de nombreux plats. Ses notes sucr\u00e9es et sa douceur sont id\u00e9ales pour accompagner le riz vapeur et le Yakitori (poulet grill\u00e9). Il est \u00e9galement id\u00e9al pour garnir les salades et glacer la viande, le poisson ou les l\u00e9gumes grill\u00e9s.<\/p>\n","protected":false},"excerpt":{"rendered":"<p>La sauce soja sucr\u00e9e Kikkoman pour riz est pr\u00e9par\u00e9e avec de la sauce soja Kikkoman brass\u00e9e traditionnellement. Fabriqu\u00e9 \u00e0 partir d&rsquo;ingr\u00e9dients soigneusement s\u00e9lectionn\u00e9s, il rehausse agr\u00e9ablement<span class=\"excerpt-hellip\"> [\u2026]<\/span><\/p>\n","protected":false},"featured_media":143190,"comment_status":"open","ping_status":"closed","template":"","meta":[],"product_cat":[8449,8580],"product_tag":[],"_links":{"self":[{"href":"https:\/\/www.laperlavalles.cat\/fr\/wp-json\/wp\/v2\/product\/115915"}],"collection":[{"href":"https:\/\/www.laperlavalles.cat\/fr\/wp-json\/wp\/v2\/product"}],"about":[{"href":"https:\/\/www.laperlavalles.cat\/fr\/wp-json\/wp\/v2\/types\/product"}],"replies":[{"embeddable":true,"href":"https:\/\/www.laperlavalles.cat\/fr\/wp-json\/wp\/v2\/comments?post=115915"}],"wp:featuredmedia":[{"embeddable":true,"href":"https:\/\/www.laperlavalles.cat\/fr\/wp-json\/wp\/v2\/media\/143190"}],"wp:attachment":[{"href":"https:\/\/www.laperlavalles.cat\/fr\/wp-json\/wp\/v2\/media?parent=115915"}],"wp:term":[{"taxonomy":"product_cat","embeddable":true,"href":"https:\/\/www.laperlavalles.cat\/fr\/wp-json\/wp\/v2\/product_cat?post=115915"},{"taxonomy":"product_tag","embeddable":true,"href":"https:\/\/www.laperlavalles.cat\/fr\/wp-json\/wp\/v2\/product_tag?post=115915"}],"curies":[{"name":"wp","href":"https:\/\/api.w.org\/{rel}","templated":true}]}}