{"id":115935,"date":"2022-02-18T17:17:43","date_gmt":"2022-02-18T16:18:01","guid":{"rendered":"https:\/\/www.laperlavalles.cat\/product\/sauce-barbecue-teriyaki-au-miel-kikkoman-250ml\/"},"modified":"2023-06-26T07:50:48","modified_gmt":"2023-06-26T05:50:48","slug":"sauce-barbecue-teriyaki-au-miel-kikkoman-250ml","status":"publish","type":"product","link":"https:\/\/www.laperlavalles.cat\/fr\/produit\/sauce-barbecue-teriyaki-au-miel-kikkoman-250ml\/","title":{"rendered":"SAUCE BARBECUE TERIYAKI AU MIEL KIKKOMAN 250ML"},"content":{"rendered":"<p>Sauce BBQ Teriyaki au miel Kikkoman.<br \/>\nPour les amateurs de la marinade Teriyaki classique, la sauce Honey BBQ Teriyaki est une vraie trouvaille. Il est utilis\u00e9 comme marinade aromatique ou comme trempette, car il donne aux plats une touche sucr\u00e9e et raffin\u00e9e, et se marie particuli\u00e8rement bien avec la viande, les l\u00e9gumes ou le tofu. La sauce est fabriqu\u00e9e \u00e0 partir de notre sauce soja naturellement ferment\u00e9e, avec des ingr\u00e9dients s\u00e9lectionn\u00e9s tels que le gingembre, l&rsquo;ail, l&rsquo;oignon, le vin et est sp\u00e9cialement raffin\u00e9e avec du miel.<\/p>\n","protected":false},"excerpt":{"rendered":"<p>Sauce BBQ Teriyaki au miel Kikkoman. Pour les amateurs de la marinade Teriyaki classique, la sauce Honey BBQ Teriyaki est une vraie trouvaille. Il est utilis\u00e9<span class=\"excerpt-hellip\"> [\u2026]<\/span><\/p>\n","protected":false},"featured_media":143206,"comment_status":"open","ping_status":"closed","template":"","meta":[],"product_cat":[8449,8580],"product_tag":[],"_links":{"self":[{"href":"https:\/\/www.laperlavalles.cat\/fr\/wp-json\/wp\/v2\/product\/115935"}],"collection":[{"href":"https:\/\/www.laperlavalles.cat\/fr\/wp-json\/wp\/v2\/product"}],"about":[{"href":"https:\/\/www.laperlavalles.cat\/fr\/wp-json\/wp\/v2\/types\/product"}],"replies":[{"embeddable":true,"href":"https:\/\/www.laperlavalles.cat\/fr\/wp-json\/wp\/v2\/comments?post=115935"}],"wp:featuredmedia":[{"embeddable":true,"href":"https:\/\/www.laperlavalles.cat\/fr\/wp-json\/wp\/v2\/media\/143206"}],"wp:attachment":[{"href":"https:\/\/www.laperlavalles.cat\/fr\/wp-json\/wp\/v2\/media?parent=115935"}],"wp:term":[{"taxonomy":"product_cat","embeddable":true,"href":"https:\/\/www.laperlavalles.cat\/fr\/wp-json\/wp\/v2\/product_cat?post=115935"},{"taxonomy":"product_tag","embeddable":true,"href":"https:\/\/www.laperlavalles.cat\/fr\/wp-json\/wp\/v2\/product_tag?post=115935"}],"curies":[{"name":"wp","href":"https:\/\/api.w.org\/{rel}","templated":true}]}}