{"id":115955,"date":"2022-02-18T17:18:10","date_gmt":"2022-02-18T16:18:28","guid":{"rendered":"https:\/\/www.laperlavalles.cat\/product\/sauce-teriyaki-roasted-garlic-kikkoman-250ml\/"},"modified":"2023-06-26T07:51:11","modified_gmt":"2023-06-26T05:51:11","slug":"sauce-teriyaki-roasted-garlic-kikkoman-250ml","status":"publish","type":"product","link":"https:\/\/www.laperlavalles.cat\/fr\/produit\/sauce-teriyaki-roasted-garlic-kikkoman-250ml\/","title":{"rendered":"SAUCE TERIYAKI &#8211; ROASTED GARLIC KIKKOMAN 250ML"},"content":{"rendered":"<p>Sauce barbecue teriyaki au toc d&rsquo;all rostit Kikkoman.<br \/>\nPour les amateurs de la marinade teriyaki classique, la sauce teriyaki \u00e0 l&rsquo;ail r\u00f4ti est toute une d\u00e9couverte. Il s&rsquo;utilise avec une marinade aromatique ou avec une sauce pour mullar, car il donne une touche aux plats et s&rsquo;harmonise surtout avec de la viande, des l\u00e9gumes ou du tofu. La sauce est fabriqu\u00e9e \u00e0 partir de sauce de soja naturellement ferment\u00e9e avec des ingr\u00e9dients s\u00e9lectionn\u00e9s comme le r\u00f4ti entier.<\/p>\n","protected":false},"excerpt":{"rendered":"<p>Sauce barbecue teriyaki au toc d&rsquo;all rostit Kikkoman. Pour les amateurs de la marinade teriyaki classique, la sauce teriyaki \u00e0 l&rsquo;ail r\u00f4ti est toute une d\u00e9couverte.<span class=\"excerpt-hellip\"> [\u2026]<\/span><\/p>\n","protected":false},"featured_media":143222,"comment_status":"open","ping_status":"closed","template":"","meta":[],"product_cat":[8449,8580],"product_tag":[],"_links":{"self":[{"href":"https:\/\/www.laperlavalles.cat\/fr\/wp-json\/wp\/v2\/product\/115955"}],"collection":[{"href":"https:\/\/www.laperlavalles.cat\/fr\/wp-json\/wp\/v2\/product"}],"about":[{"href":"https:\/\/www.laperlavalles.cat\/fr\/wp-json\/wp\/v2\/types\/product"}],"replies":[{"embeddable":true,"href":"https:\/\/www.laperlavalles.cat\/fr\/wp-json\/wp\/v2\/comments?post=115955"}],"wp:featuredmedia":[{"embeddable":true,"href":"https:\/\/www.laperlavalles.cat\/fr\/wp-json\/wp\/v2\/media\/143222"}],"wp:attachment":[{"href":"https:\/\/www.laperlavalles.cat\/fr\/wp-json\/wp\/v2\/media?parent=115955"}],"wp:term":[{"taxonomy":"product_cat","embeddable":true,"href":"https:\/\/www.laperlavalles.cat\/fr\/wp-json\/wp\/v2\/product_cat?post=115955"},{"taxonomy":"product_tag","embeddable":true,"href":"https:\/\/www.laperlavalles.cat\/fr\/wp-json\/wp\/v2\/product_tag?post=115955"}],"curies":[{"name":"wp","href":"https:\/\/api.w.org\/{rel}","templated":true}]}}