{"id":115975,"date":"2022-02-18T17:18:38","date_gmt":"2022-02-18T16:18:55","guid":{"rendered":"https:\/\/www.laperlavalles.cat\/product\/sauce-teriyaki-toasted-sesame-kikkoman-250ml\/"},"modified":"2023-06-26T07:51:33","modified_gmt":"2023-06-26T05:51:33","slug":"sauce-teriyaki-toasted-sesame-kikkoman-250ml","status":"publish","type":"product","link":"https:\/\/www.laperlavalles.cat\/fr\/produit\/sauce-teriyaki-toasted-sesame-kikkoman-250ml\/","title":{"rendered":"SAUCE TERIYAKI TOASTED SESAME KIKKOMAN 250ML"},"content":{"rendered":"<p>Sauce BBQ Teriyaki avec une touche de s\u00e9same grill\u00e9 Kikkoman.<br \/>\nPour les amateurs de la marinade Teriyaki classique, la Sauce Teriyaki S\u00e9same Grill\u00e9 est une v\u00e9ritable d\u00e9couverte. Il s&rsquo;utilise en marinade aromatique ou en trempette, car il donne du peps aux plats et se marie particuli\u00e8rement bien avec la viande, les l\u00e9gumes ou le tofu. La sauce est fabriqu\u00e9e \u00e0 partir de notre sauce soja naturellement ferment\u00e9e avec des ingr\u00e9dients s\u00e9lectionn\u00e9s tels que du s\u00e9same grill\u00e9, elle donne \u00e0 la sauce une touche de saveur de noisette.<\/p>\n","protected":false},"excerpt":{"rendered":"<p>Sauce BBQ Teriyaki avec une touche de s\u00e9same grill\u00e9 Kikkoman. Pour les amateurs de la marinade Teriyaki classique, la Sauce Teriyaki S\u00e9same Grill\u00e9 est une v\u00e9ritable<span class=\"excerpt-hellip\"> [\u2026]<\/span><\/p>\n","protected":false},"featured_media":143238,"comment_status":"open","ping_status":"closed","template":"","meta":[],"product_cat":[8449,8580],"product_tag":[],"_links":{"self":[{"href":"https:\/\/www.laperlavalles.cat\/fr\/wp-json\/wp\/v2\/product\/115975"}],"collection":[{"href":"https:\/\/www.laperlavalles.cat\/fr\/wp-json\/wp\/v2\/product"}],"about":[{"href":"https:\/\/www.laperlavalles.cat\/fr\/wp-json\/wp\/v2\/types\/product"}],"replies":[{"embeddable":true,"href":"https:\/\/www.laperlavalles.cat\/fr\/wp-json\/wp\/v2\/comments?post=115975"}],"wp:featuredmedia":[{"embeddable":true,"href":"https:\/\/www.laperlavalles.cat\/fr\/wp-json\/wp\/v2\/media\/143238"}],"wp:attachment":[{"href":"https:\/\/www.laperlavalles.cat\/fr\/wp-json\/wp\/v2\/media?parent=115975"}],"wp:term":[{"taxonomy":"product_cat","embeddable":true,"href":"https:\/\/www.laperlavalles.cat\/fr\/wp-json\/wp\/v2\/product_cat?post=115975"},{"taxonomy":"product_tag","embeddable":true,"href":"https:\/\/www.laperlavalles.cat\/fr\/wp-json\/wp\/v2\/product_tag?post=115975"}],"curies":[{"name":"wp","href":"https:\/\/api.w.org\/{rel}","templated":true}]}}