{"id":115995,"date":"2022-02-18T17:19:05","date_gmt":"2022-02-18T16:19:22","guid":{"rendered":"https:\/\/www.laperlavalles.cat\/product\/sauce-unagi-kikkoman-975ml\/"},"modified":"2025-06-11T11:50:16","modified_gmt":"2025-06-11T09:50:16","slug":"sauce-unagi-kikkoman-975ml","status":"publish","type":"product","link":"https:\/\/www.laperlavalles.cat\/fr\/produit\/sauce-unagi-kikkoman-975ml\/","title":{"rendered":"SAUCE UNAGI KIKKOMAN 975ML"},"content":{"rendered":"<p>Sauce japonaise \u00e9paisse et brillante, \u00e9labor\u00e9e principalement avec de la sauce soja, du mirin, du sucre et du dashi. Elle offre une saveur sucr\u00e9e-sal\u00e9e et une texture sirupeuse, parfaite pour apporter de la brillance et rehausser le go\u00fbt du sushi, sashimi, anguille grill\u00e9e et autres plats japonais. Traditionnellement utilis\u00e9e avec l\u2019anguille (unagi), elle est aujourd\u2019hui tr\u00e8s polyvalente : marinade, laquage, assaisonnement ou touche finale sur poissons, riz, l\u00e9gumes et \u0153ufs.<\/p>\n","protected":false},"excerpt":{"rendered":"<p>Sauce japonaise \u00e9paisse et brillante, \u00e9labor\u00e9e principalement avec de la sauce soja, du mirin, du sucre et du dashi. Elle offre une saveur sucr\u00e9e-sal\u00e9e et une<span class=\"excerpt-hellip\"> [\u2026]<\/span><\/p>\n","protected":false},"featured_media":143254,"comment_status":"open","ping_status":"closed","template":"","meta":[],"product_cat":[8449,8580],"product_tag":[],"_links":{"self":[{"href":"https:\/\/www.laperlavalles.cat\/fr\/wp-json\/wp\/v2\/product\/115995"}],"collection":[{"href":"https:\/\/www.laperlavalles.cat\/fr\/wp-json\/wp\/v2\/product"}],"about":[{"href":"https:\/\/www.laperlavalles.cat\/fr\/wp-json\/wp\/v2\/types\/product"}],"replies":[{"embeddable":true,"href":"https:\/\/www.laperlavalles.cat\/fr\/wp-json\/wp\/v2\/comments?post=115995"}],"wp:featuredmedia":[{"embeddable":true,"href":"https:\/\/www.laperlavalles.cat\/fr\/wp-json\/wp\/v2\/media\/143254"}],"wp:attachment":[{"href":"https:\/\/www.laperlavalles.cat\/fr\/wp-json\/wp\/v2\/media?parent=115995"}],"wp:term":[{"taxonomy":"product_cat","embeddable":true,"href":"https:\/\/www.laperlavalles.cat\/fr\/wp-json\/wp\/v2\/product_cat?post=115995"},{"taxonomy":"product_tag","embeddable":true,"href":"https:\/\/www.laperlavalles.cat\/fr\/wp-json\/wp\/v2\/product_tag?post=115995"}],"curies":[{"name":"wp","href":"https:\/\/api.w.org\/{rel}","templated":true}]}}