{"id":116095,"date":"2022-02-18T17:21:19","date_gmt":"2022-02-18T16:21:37","guid":{"rendered":"https:\/\/www.laperlavalles.cat\/product\/malta-hyper-malt-light-llauna-33cl\/"},"modified":"2025-07-03T10:40:26","modified_gmt":"2025-07-03T08:40:26","slug":"malta-hyper-malt-light-llauna-33cl","status":"publish","type":"product","link":"https:\/\/www.laperlavalles.cat\/fr\/produit\/malta-hyper-malt-light-llauna-33cl\/","title":{"rendered":"MALTA HYPER MALT LIGHT 33CL"},"content":{"rendered":"<p>La boisson malt\u00e9e Hyper Malt Light est la boisson malt\u00e9e classique avec moins de sucres ajout\u00e9s.<br \/>\nHyper Malt Light ne contient pas d&rsquo;alcool, pour lequel il est id\u00e9al dans toutes les r\u00e9gions.<br \/>\nElle est connue pour son go\u00fbt de malt, son intensit\u00e9 et sa d\u00e9licieuse onctuosit\u00e9. Il est \u00e9labor\u00e9 \u00e0 partir d&rsquo;ingr\u00e9dients naturels (compos\u00e9 de trois malts diff\u00e9rents : Pilsner, Munich et malt caramel) et de m\u00e9thodes traditionnelles.<br \/>\nRiche en vitamine B, j&rsquo;ai de la biotine et de la vitamine B12, pas d&rsquo;extrait de malt, ni de conservateurs ni d&rsquo;ar\u00f4mes artificiels.<\/p>\n","protected":false},"excerpt":{"rendered":"<p>La boisson malt\u00e9e Hyper Malt Light est la boisson malt\u00e9e classique avec moins de sucres ajout\u00e9s. Hyper Malt Light ne contient pas d&rsquo;alcool, pour lequel il<span class=\"excerpt-hellip\"> [\u2026]<\/span><\/p>\n","protected":false},"featured_media":166103,"comment_status":"open","ping_status":"closed","template":"","meta":[],"product_cat":[8445,8582],"product_tag":[],"_links":{"self":[{"href":"https:\/\/www.laperlavalles.cat\/fr\/wp-json\/wp\/v2\/product\/116095"}],"collection":[{"href":"https:\/\/www.laperlavalles.cat\/fr\/wp-json\/wp\/v2\/product"}],"about":[{"href":"https:\/\/www.laperlavalles.cat\/fr\/wp-json\/wp\/v2\/types\/product"}],"replies":[{"embeddable":true,"href":"https:\/\/www.laperlavalles.cat\/fr\/wp-json\/wp\/v2\/comments?post=116095"}],"wp:featuredmedia":[{"embeddable":true,"href":"https:\/\/www.laperlavalles.cat\/fr\/wp-json\/wp\/v2\/media\/166103"}],"wp:attachment":[{"href":"https:\/\/www.laperlavalles.cat\/fr\/wp-json\/wp\/v2\/media?parent=116095"}],"wp:term":[{"taxonomy":"product_cat","embeddable":true,"href":"https:\/\/www.laperlavalles.cat\/fr\/wp-json\/wp\/v2\/product_cat?post=116095"},{"taxonomy":"product_tag","embeddable":true,"href":"https:\/\/www.laperlavalles.cat\/fr\/wp-json\/wp\/v2\/product_tag?post=116095"}],"curies":[{"name":"wp","href":"https:\/\/api.w.org\/{rel}","templated":true}]}}