{"id":116135,"date":"2022-02-18T17:22:14","date_gmt":"2022-02-18T16:22:31","guid":{"rendered":"https:\/\/www.laperlavalles.cat\/product\/fufu-plantain-golden-tropics-680gr\/"},"modified":"2023-07-03T11:57:13","modified_gmt":"2023-07-03T09:57:13","slug":"fufu-plantain-golden-tropics-680gr","status":"publish","type":"product","link":"https:\/\/www.laperlavalles.cat\/fr\/produit\/fufu-plantain-golden-tropics-680gr\/","title":{"rendered":"FUFU PLANTAIN GOLDEN TROPICS 680GR"},"content":{"rendered":"<p>Le plantain fufu est un produit tr\u00e8s appr\u00e9ci\u00e9 par la communaut\u00e9 africaine. Consultez notre catalogue complet de farines, grains et semoules import\u00e9s.<\/p>\n","protected":false},"excerpt":{"rendered":"<p>Le plantain fufu est un produit tr\u00e8s appr\u00e9ci\u00e9 par la communaut\u00e9 africaine. Consultez notre catalogue complet de farines, grains et semoules import\u00e9s.<\/p>\n","protected":false},"featured_media":177399,"comment_status":"open","ping_status":"closed","template":"","meta":[],"product_cat":[8589,8456],"product_tag":[],"_links":{"self":[{"href":"https:\/\/www.laperlavalles.cat\/fr\/wp-json\/wp\/v2\/product\/116135"}],"collection":[{"href":"https:\/\/www.laperlavalles.cat\/fr\/wp-json\/wp\/v2\/product"}],"about":[{"href":"https:\/\/www.laperlavalles.cat\/fr\/wp-json\/wp\/v2\/types\/product"}],"replies":[{"embeddable":true,"href":"https:\/\/www.laperlavalles.cat\/fr\/wp-json\/wp\/v2\/comments?post=116135"}],"wp:featuredmedia":[{"embeddable":true,"href":"https:\/\/www.laperlavalles.cat\/fr\/wp-json\/wp\/v2\/media\/177399"}],"wp:attachment":[{"href":"https:\/\/www.laperlavalles.cat\/fr\/wp-json\/wp\/v2\/media?parent=116135"}],"wp:term":[{"taxonomy":"product_cat","embeddable":true,"href":"https:\/\/www.laperlavalles.cat\/fr\/wp-json\/wp\/v2\/product_cat?post=116135"},{"taxonomy":"product_tag","embeddable":true,"href":"https:\/\/www.laperlavalles.cat\/fr\/wp-json\/wp\/v2\/product_tag?post=116135"}],"curies":[{"name":"wp","href":"https:\/\/api.w.org\/{rel}","templated":true}]}}