{"id":116215,"date":"2022-02-18T17:24:00","date_gmt":"2022-02-18T16:24:17","guid":{"rendered":"https:\/\/www.laperlavalles.cat\/product\/farine-tempura-hot-spicy-gogi-100gr\/"},"modified":"2023-03-30T12:45:34","modified_gmt":"2023-03-30T10:45:34","slug":"farine-tempura-hot-spicy-gogi-100gr","status":"publish","type":"product","link":"https:\/\/www.laperlavalles.cat\/fr\/produit\/farine-tempura-hot-spicy-gogi-100gr\/","title":{"rendered":"FARINE TEMPURA HOT &amp; SPICY GOGI 100GR"},"content":{"rendered":"<p>Farine pour tempura \u00e9pic\u00e9. La Perla est un fournisseur de farine de tempura, de farine de tempura \u00e9pic\u00e9e et d&rsquo;autres aliments orientaux.<\/p>\n","protected":false},"excerpt":{"rendered":"<p>Farine pour tempura \u00e9pic\u00e9. La Perla est un fournisseur de farine de tempura, de farine de tempura \u00e9pic\u00e9e et d&rsquo;autres aliments orientaux.<\/p>\n","protected":false},"featured_media":143654,"comment_status":"open","ping_status":"closed","template":"","meta":[],"product_cat":[8589,8456],"product_tag":[],"_links":{"self":[{"href":"https:\/\/www.laperlavalles.cat\/fr\/wp-json\/wp\/v2\/product\/116215"}],"collection":[{"href":"https:\/\/www.laperlavalles.cat\/fr\/wp-json\/wp\/v2\/product"}],"about":[{"href":"https:\/\/www.laperlavalles.cat\/fr\/wp-json\/wp\/v2\/types\/product"}],"replies":[{"embeddable":true,"href":"https:\/\/www.laperlavalles.cat\/fr\/wp-json\/wp\/v2\/comments?post=116215"}],"wp:featuredmedia":[{"embeddable":true,"href":"https:\/\/www.laperlavalles.cat\/fr\/wp-json\/wp\/v2\/media\/143654"}],"wp:attachment":[{"href":"https:\/\/www.laperlavalles.cat\/fr\/wp-json\/wp\/v2\/media?parent=116215"}],"wp:term":[{"taxonomy":"product_cat","embeddable":true,"href":"https:\/\/www.laperlavalles.cat\/fr\/wp-json\/wp\/v2\/product_cat?post=116215"},{"taxonomy":"product_tag","embeddable":true,"href":"https:\/\/www.laperlavalles.cat\/fr\/wp-json\/wp\/v2\/product_tag?post=116215"}],"curies":[{"name":"wp","href":"https:\/\/api.w.org\/{rel}","templated":true}]}}