{"id":116776,"date":"2022-02-18T18:51:42","date_gmt":"2022-02-18T17:52:00","guid":{"rendered":"https:\/\/www.laperlavalles.cat\/product\/sauce-de-soya-kikkoman-150ml-dispenser\/"},"modified":"2023-06-26T07:49:38","modified_gmt":"2023-06-26T05:49:38","slug":"sauce-de-soya-kikkoman-150ml-dispenser","status":"publish","type":"product","link":"https:\/\/www.laperlavalles.cat\/fr\/produit\/sauce-de-soya-kikkoman-150ml-dispenser\/","title":{"rendered":"SAUCE DE SOYA KIKKOMAN 150ML (DISPENSER)"},"content":{"rendered":"<p>La sauce soja Kikkoman est la sauce soja naturellement ferment\u00e9e de Kikkoman qui est pr\u00e9par\u00e9e selon une recette traditionnelle utilisant les quatre ingr\u00e9dients purs: soja, bl\u00e9, eau et sel, sans additifs artificiels, colorants, conservateurs ou exhausteurs de go\u00fbt.<\/p>\n","protected":false},"excerpt":{"rendered":"<p>La sauce soja Kikkoman est la sauce soja naturellement ferment\u00e9e de Kikkoman qui est pr\u00e9par\u00e9e selon une recette traditionnelle utilisant les quatre ingr\u00e9dients purs: soja, bl\u00e9,<span class=\"excerpt-hellip\"> [\u2026]<\/span><\/p>\n","protected":false},"featured_media":143160,"comment_status":"open","ping_status":"closed","template":"","meta":[],"product_cat":[8449,8580],"product_tag":[],"_links":{"self":[{"href":"https:\/\/www.laperlavalles.cat\/fr\/wp-json\/wp\/v2\/product\/116776"}],"collection":[{"href":"https:\/\/www.laperlavalles.cat\/fr\/wp-json\/wp\/v2\/product"}],"about":[{"href":"https:\/\/www.laperlavalles.cat\/fr\/wp-json\/wp\/v2\/types\/product"}],"replies":[{"embeddable":true,"href":"https:\/\/www.laperlavalles.cat\/fr\/wp-json\/wp\/v2\/comments?post=116776"}],"wp:featuredmedia":[{"embeddable":true,"href":"https:\/\/www.laperlavalles.cat\/fr\/wp-json\/wp\/v2\/media\/143160"}],"wp:attachment":[{"href":"https:\/\/www.laperlavalles.cat\/fr\/wp-json\/wp\/v2\/media?parent=116776"}],"wp:term":[{"taxonomy":"product_cat","embeddable":true,"href":"https:\/\/www.laperlavalles.cat\/fr\/wp-json\/wp\/v2\/product_cat?post=116776"},{"taxonomy":"product_tag","embeddable":true,"href":"https:\/\/www.laperlavalles.cat\/fr\/wp-json\/wp\/v2\/product_tag?post=116776"}],"curies":[{"name":"wp","href":"https:\/\/api.w.org\/{rel}","templated":true}]}}