{"id":116796,"date":"2022-02-18T18:52:11","date_gmt":"2022-02-18T17:52:30","guid":{"rendered":"https:\/\/www.laperlavalles.cat\/product\/sauce-de-poisson-squid-725ml\/"},"modified":"2023-06-23T13:57:58","modified_gmt":"2023-06-23T11:57:58","slug":"sauce-de-poisson-squid-725ml","status":"publish","type":"product","link":"https:\/\/www.laperlavalles.cat\/fr\/produit\/sauce-de-poisson-squid-725ml\/","title":{"rendered":"SAUCE DE POISSON SQUID 725ML"},"content":{"rendered":"<p>La sauce de calmar est une sauce traditionnelle de la cuisine orientale qui apporte la saveur typique et essentielle de la cuisine orientale gr\u00e2ce \u00e0 ses ingr\u00e9dients umami et poisson. Consultez notre catalogue de sauces orientales pour voir plus de formats.<\/p>\n","protected":false},"excerpt":{"rendered":"<p>La sauce de calmar est une sauce traditionnelle de la cuisine orientale qui apporte la saveur typique et essentielle de la cuisine orientale gr\u00e2ce \u00e0 ses<span class=\"excerpt-hellip\"> [\u2026]<\/span><\/p>\n","protected":false},"featured_media":173095,"comment_status":"open","ping_status":"closed","template":"","meta":[],"product_cat":[8449,8580],"product_tag":[],"_links":{"self":[{"href":"https:\/\/www.laperlavalles.cat\/fr\/wp-json\/wp\/v2\/product\/116796"}],"collection":[{"href":"https:\/\/www.laperlavalles.cat\/fr\/wp-json\/wp\/v2\/product"}],"about":[{"href":"https:\/\/www.laperlavalles.cat\/fr\/wp-json\/wp\/v2\/types\/product"}],"replies":[{"embeddable":true,"href":"https:\/\/www.laperlavalles.cat\/fr\/wp-json\/wp\/v2\/comments?post=116796"}],"wp:featuredmedia":[{"embeddable":true,"href":"https:\/\/www.laperlavalles.cat\/fr\/wp-json\/wp\/v2\/media\/173095"}],"wp:attachment":[{"href":"https:\/\/www.laperlavalles.cat\/fr\/wp-json\/wp\/v2\/media?parent=116796"}],"wp:term":[{"taxonomy":"product_cat","embeddable":true,"href":"https:\/\/www.laperlavalles.cat\/fr\/wp-json\/wp\/v2\/product_cat?post=116796"},{"taxonomy":"product_tag","embeddable":true,"href":"https:\/\/www.laperlavalles.cat\/fr\/wp-json\/wp\/v2\/product_tag?post=116796"}],"curies":[{"name":"wp","href":"https:\/\/api.w.org\/{rel}","templated":true}]}}