{"id":116976,"date":"2022-02-18T18:56:34","date_gmt":"2022-02-18T17:56:53","guid":{"rendered":"https:\/\/www.laperlavalles.cat\/product\/premium-sauce-soya-dark-lee-kum-kee-19l\/"},"modified":"2024-06-10T17:30:04","modified_gmt":"2024-06-10T15:30:04","slug":"premium-sauce-soya-dark-lee-kum-kee-19l","status":"publish","type":"product","link":"https:\/\/www.laperlavalles.cat\/fr\/produit\/premium-sauce-soya-dark-lee-kum-kee-19l\/","title":{"rendered":"PREMIUM SAUCE SOYA DARK LEE KUM KEE 1,9L"},"content":{"rendered":"<p>La sauce de soja fonc\u00e9e Lee Kum Kee Premium est faite avec des graines de soja s\u00e9lectionn\u00e9es et produite selon la m\u00e9thode traditionnelle et naturelle. Il a une saveur de soja intense et beaucoup de couleur qui rehausse naturellement le go\u00fbt et l&rsquo;apparence de nombreux plats.<br \/>\nSauce soja noire La sauce soja LKK a une touche sucr\u00e9e et une subtile saveur de soja. Son but principal est d&rsquo;ajouter de la couleur et de la saveur aux plats.<br \/>\nProduit id\u00e9al pour la fili\u00e8re HORECA. Formule propre.<\/p>\n","protected":false},"excerpt":{"rendered":"<p>La sauce de soja fonc\u00e9e Lee Kum Kee Premium est faite avec des graines de soja s\u00e9lectionn\u00e9es et produite selon la m\u00e9thode traditionnelle et naturelle. Il<span class=\"excerpt-hellip\"> [\u2026]<\/span><\/p>\n","protected":false},"featured_media":172679,"comment_status":"open","ping_status":"closed","template":"","meta":[],"product_cat":[10616],"product_tag":[],"_links":{"self":[{"href":"https:\/\/www.laperlavalles.cat\/fr\/wp-json\/wp\/v2\/product\/116976"}],"collection":[{"href":"https:\/\/www.laperlavalles.cat\/fr\/wp-json\/wp\/v2\/product"}],"about":[{"href":"https:\/\/www.laperlavalles.cat\/fr\/wp-json\/wp\/v2\/types\/product"}],"replies":[{"embeddable":true,"href":"https:\/\/www.laperlavalles.cat\/fr\/wp-json\/wp\/v2\/comments?post=116976"}],"wp:featuredmedia":[{"embeddable":true,"href":"https:\/\/www.laperlavalles.cat\/fr\/wp-json\/wp\/v2\/media\/172679"}],"wp:attachment":[{"href":"https:\/\/www.laperlavalles.cat\/fr\/wp-json\/wp\/v2\/media?parent=116976"}],"wp:term":[{"taxonomy":"product_cat","embeddable":true,"href":"https:\/\/www.laperlavalles.cat\/fr\/wp-json\/wp\/v2\/product_cat?post=116976"},{"taxonomy":"product_tag","embeddable":true,"href":"https:\/\/www.laperlavalles.cat\/fr\/wp-json\/wp\/v2\/product_tag?post=116976"}],"curies":[{"name":"wp","href":"https:\/\/api.w.org\/{rel}","templated":true}]}}