{"id":117016,"date":"2022-02-18T18:57:32","date_gmt":"2022-02-18T17:57:51","guid":{"rendered":"https:\/\/www.laperlavalles.cat\/product\/sauce-soja-supreme-light-150ml-lee-kum-kee\/"},"modified":"2024-06-10T18:18:54","modified_gmt":"2024-06-10T16:18:54","slug":"sauce-soja-supreme-light-150ml-lee-kum-kee","status":"publish","type":"product","link":"https:\/\/www.laperlavalles.cat\/fr\/produit\/sauce-soja-supreme-light-150ml-lee-kum-kee\/","title":{"rendered":"SAUCE SOJA SUPREME LIGHT 150ML LEE KUM KEE"},"content":{"rendered":"<p>La sauce de soja l\u00e9g\u00e8re supr\u00eame Lee Kum Kee est fabriqu\u00e9e \u00e0 partir de graines de soja et de farine de bl\u00e9 s\u00e9lectionn\u00e9es. Il est fabriqu\u00e9 selon la m\u00e9thode naturelle et traditionnelle, ce qui lui conf\u00e8re une riche saveur de soja et un ar\u00f4me qui accentuera d\u00e9licatement la saveur de n&rsquo;importe quel plat.<br \/>\nLee Kum Kee Supreme Light Soy Sauce La sauce soja est un substitut du sel &#8211; convient \u00e0 la cuisson des saut\u00e9s ou des trempettes.<\/p>\n","protected":false},"excerpt":{"rendered":"<p>La sauce de soja l\u00e9g\u00e8re supr\u00eame Lee Kum Kee est fabriqu\u00e9e \u00e0 partir de graines de soja et de farine de bl\u00e9 s\u00e9lectionn\u00e9es. Il est fabriqu\u00e9<span class=\"excerpt-hellip\"> [\u2026]<\/span><\/p>\n","protected":false},"featured_media":172793,"comment_status":"open","ping_status":"closed","template":"","meta":[],"product_cat":[10616],"product_tag":[],"_links":{"self":[{"href":"https:\/\/www.laperlavalles.cat\/fr\/wp-json\/wp\/v2\/product\/117016"}],"collection":[{"href":"https:\/\/www.laperlavalles.cat\/fr\/wp-json\/wp\/v2\/product"}],"about":[{"href":"https:\/\/www.laperlavalles.cat\/fr\/wp-json\/wp\/v2\/types\/product"}],"replies":[{"embeddable":true,"href":"https:\/\/www.laperlavalles.cat\/fr\/wp-json\/wp\/v2\/comments?post=117016"}],"wp:featuredmedia":[{"embeddable":true,"href":"https:\/\/www.laperlavalles.cat\/fr\/wp-json\/wp\/v2\/media\/172793"}],"wp:attachment":[{"href":"https:\/\/www.laperlavalles.cat\/fr\/wp-json\/wp\/v2\/media?parent=117016"}],"wp:term":[{"taxonomy":"product_cat","embeddable":true,"href":"https:\/\/www.laperlavalles.cat\/fr\/wp-json\/wp\/v2\/product_cat?post=117016"},{"taxonomy":"product_tag","embeddable":true,"href":"https:\/\/www.laperlavalles.cat\/fr\/wp-json\/wp\/v2\/product_tag?post=117016"}],"curies":[{"name":"wp","href":"https:\/\/api.w.org\/{rel}","templated":true}]}}