{"id":117036,"date":"2022-02-18T18:58:01","date_gmt":"2022-02-18T17:58:20","guid":{"rendered":"https:\/\/www.laperlavalles.cat\/product\/premium-sauce-soya-light-lee-kum-kee-8l-2\/"},"modified":"2024-06-10T18:30:03","modified_gmt":"2024-06-10T16:30:03","slug":"premium-sauce-soya-light-lee-kum-kee-8l-2","status":"publish","type":"product","link":"https:\/\/www.laperlavalles.cat\/fr\/produit\/premium-sauce-soya-light-lee-kum-kee-8l-2\/","title":{"rendered":"PREMIUM SAUCE SOYA LIGHT LEE KUM KEE 500ML"},"content":{"rendered":"<p>La sauce soja Lee Kum Kee Premium Light est fabriqu\u00e9e \u00e0 partir de graines de soja et de farine de bl\u00e9 s\u00e9lectionn\u00e9es. Il est fabriqu\u00e9 selon la m\u00e9thode naturelle et traditionnel, ce qui lui conf\u00e8re une riche saveur de soja et un ar\u00f4me qui accentuera d\u00e9licatement la saveur de n&rsquo;importe quel plat.<br \/>\nLa sauce soya light soy sauce premium LKK est utilis\u00e9e pour assaisonner et rehausser la saveur de n&rsquo;importe quel plat, pour mariner, faire sauter &#8230;<\/p>\n","protected":false},"excerpt":{"rendered":"<p>La sauce soja Lee Kum Kee Premium Light est fabriqu\u00e9e \u00e0 partir de graines de soja et de farine de bl\u00e9 s\u00e9lectionn\u00e9es. Il est fabriqu\u00e9 selon<span class=\"excerpt-hellip\"> [\u2026]<\/span><\/p>\n","protected":false},"featured_media":172807,"comment_status":"open","ping_status":"closed","template":"","meta":[],"product_cat":[10616],"product_tag":[],"_links":{"self":[{"href":"https:\/\/www.laperlavalles.cat\/fr\/wp-json\/wp\/v2\/product\/117036"}],"collection":[{"href":"https:\/\/www.laperlavalles.cat\/fr\/wp-json\/wp\/v2\/product"}],"about":[{"href":"https:\/\/www.laperlavalles.cat\/fr\/wp-json\/wp\/v2\/types\/product"}],"replies":[{"embeddable":true,"href":"https:\/\/www.laperlavalles.cat\/fr\/wp-json\/wp\/v2\/comments?post=117036"}],"wp:featuredmedia":[{"embeddable":true,"href":"https:\/\/www.laperlavalles.cat\/fr\/wp-json\/wp\/v2\/media\/172807"}],"wp:attachment":[{"href":"https:\/\/www.laperlavalles.cat\/fr\/wp-json\/wp\/v2\/media?parent=117036"}],"wp:term":[{"taxonomy":"product_cat","embeddable":true,"href":"https:\/\/www.laperlavalles.cat\/fr\/wp-json\/wp\/v2\/product_cat?post=117036"},{"taxonomy":"product_tag","embeddable":true,"href":"https:\/\/www.laperlavalles.cat\/fr\/wp-json\/wp\/v2\/product_tag?post=117036"}],"curies":[{"name":"wp","href":"https:\/\/api.w.org\/{rel}","templated":true}]}}