{"id":117056,"date":"2022-02-18T18:58:29","date_gmt":"2022-02-18T17:58:48","guid":{"rendered":"https:\/\/www.laperlavalles.cat\/product\/sauce-hoisin-lee-kum-kee-210gr\/"},"modified":"2024-06-10T18:50:09","modified_gmt":"2024-06-10T16:50:09","slug":"sauce-hoisin-lee-kum-kee-210gr","status":"publish","type":"product","link":"https:\/\/www.laperlavalles.cat\/fr\/produit\/sauce-hoisin-lee-kum-kee-210gr\/","title":{"rendered":"SAUCE HOISIN LEE KUM KEE 210GR"},"content":{"rendered":"<p>La sauce Hoisin Lee Kum Kee est une sauce soja concentr\u00e9e avec des notes d&rsquo;\u00e9pices, de s\u00e9same et de piment.<br \/>\nSauce pour mariner, r\u00f4tir, sauter et tremper. Une excellente marinade pour les barbecues et parfaite pour ajouter un bonbon aux saut\u00e9s.<\/p>\n","protected":false},"excerpt":{"rendered":"<p>La sauce Hoisin Lee Kum Kee est une sauce soja concentr\u00e9e avec des notes d&rsquo;\u00e9pices, de s\u00e9same et de piment. Sauce pour mariner, r\u00f4tir, sauter et<span class=\"excerpt-hellip\"> [\u2026]<\/span><\/p>\n","protected":false},"featured_media":172839,"comment_status":"open","ping_status":"closed","template":"","meta":[],"product_cat":[10616],"product_tag":[],"_links":{"self":[{"href":"https:\/\/www.laperlavalles.cat\/fr\/wp-json\/wp\/v2\/product\/117056"}],"collection":[{"href":"https:\/\/www.laperlavalles.cat\/fr\/wp-json\/wp\/v2\/product"}],"about":[{"href":"https:\/\/www.laperlavalles.cat\/fr\/wp-json\/wp\/v2\/types\/product"}],"replies":[{"embeddable":true,"href":"https:\/\/www.laperlavalles.cat\/fr\/wp-json\/wp\/v2\/comments?post=117056"}],"wp:featuredmedia":[{"embeddable":true,"href":"https:\/\/www.laperlavalles.cat\/fr\/wp-json\/wp\/v2\/media\/172839"}],"wp:attachment":[{"href":"https:\/\/www.laperlavalles.cat\/fr\/wp-json\/wp\/v2\/media?parent=117056"}],"wp:term":[{"taxonomy":"product_cat","embeddable":true,"href":"https:\/\/www.laperlavalles.cat\/fr\/wp-json\/wp\/v2\/product_cat?post=117056"},{"taxonomy":"product_tag","embeddable":true,"href":"https:\/\/www.laperlavalles.cat\/fr\/wp-json\/wp\/v2\/product_tag?post=117056"}],"curies":[{"name":"wp","href":"https:\/\/api.w.org\/{rel}","templated":true}]}}