{"id":117136,"date":"2022-02-18T19:00:23","date_gmt":"2022-02-18T18:00:42","guid":{"rendered":"https:\/\/www.laperlavalles.cat\/product\/feuilles-de-moutarde-au-vinaigre-epice-aroy-d\/"},"modified":"2023-09-07T17:51:25","modified_gmt":"2023-09-07T15:51:25","slug":"feuilles-de-moutarde-au-vinaigre-epice-aroy-d","status":"publish","type":"product","link":"https:\/\/www.laperlavalles.cat\/fr\/produit\/feuilles-de-moutarde-au-vinaigre-epice-aroy-d\/","title":{"rendered":"FEUILLES DE MOUTARDE AU VINAIGRE \u00c9PIC\u00c9 AROY-D"},"content":{"rendered":"<p>D\u00e9couvrez notre catalogue de conserves orientales : mangue en conserve, litchi en conserve, jacquier en conserve, bambou en conserve, fleur de bananier en conserve&#8230;<\/p>\n","protected":false},"excerpt":{"rendered":"<p>D\u00e9couvrez notre catalogue de conserves orientales : mangue en conserve, litchi en conserve, jacquier en conserve, bambou en conserve, fleur de bananier en conserve&#8230;<\/p>\n","protected":false},"featured_media":143416,"comment_status":"open","ping_status":"closed","template":"","meta":[],"product_cat":[8581,8449],"product_tag":[],"_links":{"self":[{"href":"https:\/\/www.laperlavalles.cat\/fr\/wp-json\/wp\/v2\/product\/117136"}],"collection":[{"href":"https:\/\/www.laperlavalles.cat\/fr\/wp-json\/wp\/v2\/product"}],"about":[{"href":"https:\/\/www.laperlavalles.cat\/fr\/wp-json\/wp\/v2\/types\/product"}],"replies":[{"embeddable":true,"href":"https:\/\/www.laperlavalles.cat\/fr\/wp-json\/wp\/v2\/comments?post=117136"}],"wp:featuredmedia":[{"embeddable":true,"href":"https:\/\/www.laperlavalles.cat\/fr\/wp-json\/wp\/v2\/media\/143416"}],"wp:attachment":[{"href":"https:\/\/www.laperlavalles.cat\/fr\/wp-json\/wp\/v2\/media?parent=117136"}],"wp:term":[{"taxonomy":"product_cat","embeddable":true,"href":"https:\/\/www.laperlavalles.cat\/fr\/wp-json\/wp\/v2\/product_cat?post=117136"},{"taxonomy":"product_tag","embeddable":true,"href":"https:\/\/www.laperlavalles.cat\/fr\/wp-json\/wp\/v2\/product_tag?post=117136"}],"curies":[{"name":"wp","href":"https:\/\/api.w.org\/{rel}","templated":true}]}}