{"id":117296,"date":"2022-02-18T19:04:00","date_gmt":"2022-02-18T18:04:18","guid":{"rendered":"https:\/\/www.laperlavalles.cat\/product\/noodles-indomie-mi-goreng-bbq\/"},"modified":"2024-08-22T10:48:10","modified_gmt":"2024-08-22T08:48:10","slug":"noodles-indomie-mi-goreng-bbq","status":"publish","type":"product","link":"https:\/\/www.laperlavalles.cat\/fr\/produit\/noodles-indomie-mi-goreng-bbq\/","title":{"rendered":"NOODLES INDOMIE MI GORENG BBQ"},"content":{"rendered":"<p>Nouilles instantan\u00e9es Indomie Mi Goreng BBQ. Nouilles instantan\u00e9es pour saut\u00e9s au go\u00fbt de barbecue. Produit Hala.<\/p>\n","protected":false},"excerpt":{"rendered":"<p>Nouilles instantan\u00e9es Indomie Mi Goreng BBQ. Nouilles instantan\u00e9es pour saut\u00e9s au go\u00fbt de barbecue. Produit Hala.<\/p>\n","protected":false},"featured_media":173143,"comment_status":"open","ping_status":"closed","template":"","meta":[],"product_cat":[10616],"product_tag":[],"_links":{"self":[{"href":"https:\/\/www.laperlavalles.cat\/fr\/wp-json\/wp\/v2\/product\/117296"}],"collection":[{"href":"https:\/\/www.laperlavalles.cat\/fr\/wp-json\/wp\/v2\/product"}],"about":[{"href":"https:\/\/www.laperlavalles.cat\/fr\/wp-json\/wp\/v2\/types\/product"}],"replies":[{"embeddable":true,"href":"https:\/\/www.laperlavalles.cat\/fr\/wp-json\/wp\/v2\/comments?post=117296"}],"wp:featuredmedia":[{"embeddable":true,"href":"https:\/\/www.laperlavalles.cat\/fr\/wp-json\/wp\/v2\/media\/173143"}],"wp:attachment":[{"href":"https:\/\/www.laperlavalles.cat\/fr\/wp-json\/wp\/v2\/media?parent=117296"}],"wp:term":[{"taxonomy":"product_cat","embeddable":true,"href":"https:\/\/www.laperlavalles.cat\/fr\/wp-json\/wp\/v2\/product_cat?post=117296"},{"taxonomy":"product_tag","embeddable":true,"href":"https:\/\/www.laperlavalles.cat\/fr\/wp-json\/wp\/v2\/product_tag?post=117296"}],"curies":[{"name":"wp","href":"https:\/\/api.w.org\/{rel}","templated":true}]}}