{"id":117376,"date":"2022-02-18T19:05:48","date_gmt":"2022-02-18T18:06:06","guid":{"rendered":"https:\/\/www.laperlavalles.cat\/product\/banane-ne-mure-sandino\/"},"modified":"2025-01-21T10:32:27","modified_gmt":"2025-01-21T09:32:27","slug":"banane-ne-mure-sandino","status":"publish","type":"product","link":"https:\/\/www.laperlavalles.cat\/fr\/produit\/banane-ne-mure-sandino\/","title":{"rendered":"BANANE NE M\u00dbRE SANDINO"},"content":{"rendered":"<p>Banane ne m\u00fbre enti\u00e8re congel\u00e9e ou banane ne m\u00fbre enti\u00e8re congel\u00e9e Sandino.<\/p>\n","protected":false},"excerpt":{"rendered":"<p>Banane ne m\u00fbre enti\u00e8re congel\u00e9e ou banane ne m\u00fbre enti\u00e8re congel\u00e9e Sandino.<\/p>\n","protected":false},"featured_media":144760,"comment_status":"open","ping_status":"closed","template":"","meta":[],"product_cat":[10616],"product_tag":[],"_links":{"self":[{"href":"https:\/\/www.laperlavalles.cat\/fr\/wp-json\/wp\/v2\/product\/117376"}],"collection":[{"href":"https:\/\/www.laperlavalles.cat\/fr\/wp-json\/wp\/v2\/product"}],"about":[{"href":"https:\/\/www.laperlavalles.cat\/fr\/wp-json\/wp\/v2\/types\/product"}],"replies":[{"embeddable":true,"href":"https:\/\/www.laperlavalles.cat\/fr\/wp-json\/wp\/v2\/comments?post=117376"}],"wp:featuredmedia":[{"embeddable":true,"href":"https:\/\/www.laperlavalles.cat\/fr\/wp-json\/wp\/v2\/media\/144760"}],"wp:attachment":[{"href":"https:\/\/www.laperlavalles.cat\/fr\/wp-json\/wp\/v2\/media?parent=117376"}],"wp:term":[{"taxonomy":"product_cat","embeddable":true,"href":"https:\/\/www.laperlavalles.cat\/fr\/wp-json\/wp\/v2\/product_cat?post=117376"},{"taxonomy":"product_tag","embeddable":true,"href":"https:\/\/www.laperlavalles.cat\/fr\/wp-json\/wp\/v2\/product_tag?post=117376"}],"curies":[{"name":"wp","href":"https:\/\/api.w.org\/{rel}","templated":true}]}}