{"id":117416,"date":"2022-02-18T19:06:43","date_gmt":"2022-02-18T18:07:01","guid":{"rendered":"https:\/\/www.laperlavalles.cat\/product\/choclo-cob-surgeles-3u-sandino-2\/"},"modified":"2023-09-07T17:33:09","modified_gmt":"2023-09-07T15:33:09","slug":"choclo-cob-surgeles-3u-sandino-2","status":"publish","type":"product","link":"https:\/\/www.laperlavalles.cat\/fr\/produit\/choclo-cob-surgeles-3u-sandino-2\/","title":{"rendered":"CHOCLO COB SURGEL\u00c9S 3U SANDINO"},"content":{"rendered":"<p>Ma\u00efs entier surgel\u00e9 Sandino. 3 unit\u00e9s par sac.<\/p>\n","protected":false},"excerpt":{"rendered":"<p>Ma\u00efs entier surgel\u00e9 Sandino. 3 unit\u00e9s par sac.<\/p>\n","protected":false},"featured_media":143286,"comment_status":"open","ping_status":"closed","template":"","meta":[],"product_cat":[8460,8613],"product_tag":[],"_links":{"self":[{"href":"https:\/\/www.laperlavalles.cat\/fr\/wp-json\/wp\/v2\/product\/117416"}],"collection":[{"href":"https:\/\/www.laperlavalles.cat\/fr\/wp-json\/wp\/v2\/product"}],"about":[{"href":"https:\/\/www.laperlavalles.cat\/fr\/wp-json\/wp\/v2\/types\/product"}],"replies":[{"embeddable":true,"href":"https:\/\/www.laperlavalles.cat\/fr\/wp-json\/wp\/v2\/comments?post=117416"}],"wp:featuredmedia":[{"embeddable":true,"href":"https:\/\/www.laperlavalles.cat\/fr\/wp-json\/wp\/v2\/media\/143286"}],"wp:attachment":[{"href":"https:\/\/www.laperlavalles.cat\/fr\/wp-json\/wp\/v2\/media?parent=117416"}],"wp:term":[{"taxonomy":"product_cat","embeddable":true,"href":"https:\/\/www.laperlavalles.cat\/fr\/wp-json\/wp\/v2\/product_cat?post=117416"},{"taxonomy":"product_tag","embeddable":true,"href":"https:\/\/www.laperlavalles.cat\/fr\/wp-json\/wp\/v2\/product_tag?post=117416"}],"curies":[{"name":"wp","href":"https:\/\/api.w.org\/{rel}","templated":true}]}}