{"id":117436,"date":"2022-02-18T19:07:09","date_gmt":"2022-02-18T18:07:24","guid":{"rendered":"https:\/\/www.laperlavalles.cat\/product\/kuza-indian-hemp-4oz\/"},"modified":"2023-04-06T16:52:15","modified_gmt":"2023-04-06T14:52:15","slug":"kuza-indian-hemp-4oz","status":"publish","type":"product","link":"https:\/\/www.laperlavalles.cat\/fr\/produit\/kuza-indian-hemp-4oz\/","title":{"rendered":"KUZA INDIAN HEMP 4OZ"},"content":{"rendered":"<p>Kuza chanvre indien 4oz est une cr\u00e8me hydratante et r\u00e9paratrice pour cheveux textur\u00e9s.<br \/>\nIl s&rsquo;agit d&rsquo;une gel\u00e9e de p\u00e9trole pour les cheveux et le cuir chevelu sp\u00e9cialement formul\u00e9e avec du chanvre indien et des huiles (noix de coco, amande douce et avocat) qui travaillent dur pour adoucir, lisser et sceller l&rsquo;humidit\u00e9, favorisant des cheveux et une croissance plus sains.<\/p>\n","protected":false},"excerpt":{"rendered":"<p>Kuza chanvre indien 4oz est une cr\u00e8me hydratante et r\u00e9paratrice pour cheveux textur\u00e9s. Il s&rsquo;agit d&rsquo;une gel\u00e9e de p\u00e9trole pour les cheveux et le cuir chevelu<span class=\"excerpt-hellip\"> [\u2026]<\/span><\/p>\n","protected":false},"featured_media":144360,"comment_status":"open","ping_status":"closed","template":"","meta":[],"product_cat":[8461,24331],"product_tag":[],"_links":{"self":[{"href":"https:\/\/www.laperlavalles.cat\/fr\/wp-json\/wp\/v2\/product\/117436"}],"collection":[{"href":"https:\/\/www.laperlavalles.cat\/fr\/wp-json\/wp\/v2\/product"}],"about":[{"href":"https:\/\/www.laperlavalles.cat\/fr\/wp-json\/wp\/v2\/types\/product"}],"replies":[{"embeddable":true,"href":"https:\/\/www.laperlavalles.cat\/fr\/wp-json\/wp\/v2\/comments?post=117436"}],"wp:featuredmedia":[{"embeddable":true,"href":"https:\/\/www.laperlavalles.cat\/fr\/wp-json\/wp\/v2\/media\/144360"}],"wp:attachment":[{"href":"https:\/\/www.laperlavalles.cat\/fr\/wp-json\/wp\/v2\/media?parent=117436"}],"wp:term":[{"taxonomy":"product_cat","embeddable":true,"href":"https:\/\/www.laperlavalles.cat\/fr\/wp-json\/wp\/v2\/product_cat?post=117436"},{"taxonomy":"product_tag","embeddable":true,"href":"https:\/\/www.laperlavalles.cat\/fr\/wp-json\/wp\/v2\/product_tag?post=117436"}],"curies":[{"name":"wp","href":"https:\/\/api.w.org\/{rel}","templated":true}]}}