{"id":117456,"date":"2022-02-18T19:07:33","date_gmt":"2022-02-18T18:07:49","guid":{"rendered":"https:\/\/www.laperlavalles.cat\/product\/kuza-indian-hemp-8oz\/"},"modified":"2023-04-06T16:54:03","modified_gmt":"2023-04-06T14:54:03","slug":"kuza-indian-hemp-8oz","status":"publish","type":"product","link":"https:\/\/www.laperlavalles.cat\/fr\/produit\/kuza-indian-hemp-8oz\/","title":{"rendered":"KUZA INDIAN HEMP 8OZ"},"content":{"rendered":"<p>Kuza chanvre indien 8oz est une cr\u00e8me hydratante et r\u00e9paratrice pour cheveux textur\u00e9s.<br \/>\nIl s&rsquo;agit d&rsquo;une gel\u00e9e de p\u00e9trole pour les cheveux et le cuir chevelu sp\u00e9cialement formul\u00e9e avec du chanvre indien et des huiles (noix de coco, amande douce et avocat) qui travaillent dur pour adoucir, lisser et sceller l&rsquo;humidit\u00e9, favorisant des cheveux et une croissance plus sains.<br \/>\nLa Perla est un fournisseur de produits cosm\u00e9tiques pour la peau et les cheveux, en particulier pour les cheveux boucl\u00e9s.<\/p>\n","protected":false},"excerpt":{"rendered":"<p>Kuza chanvre indien 8oz est une cr\u00e8me hydratante et r\u00e9paratrice pour cheveux textur\u00e9s. Il s&rsquo;agit d&rsquo;une gel\u00e9e de p\u00e9trole pour les cheveux et le cuir chevelu<span class=\"excerpt-hellip\"> [\u2026]<\/span><\/p>\n","protected":false},"featured_media":144374,"comment_status":"open","ping_status":"closed","template":"","meta":[],"product_cat":[8461,24331],"product_tag":[],"_links":{"self":[{"href":"https:\/\/www.laperlavalles.cat\/fr\/wp-json\/wp\/v2\/product\/117456"}],"collection":[{"href":"https:\/\/www.laperlavalles.cat\/fr\/wp-json\/wp\/v2\/product"}],"about":[{"href":"https:\/\/www.laperlavalles.cat\/fr\/wp-json\/wp\/v2\/types\/product"}],"replies":[{"embeddable":true,"href":"https:\/\/www.laperlavalles.cat\/fr\/wp-json\/wp\/v2\/comments?post=117456"}],"wp:featuredmedia":[{"embeddable":true,"href":"https:\/\/www.laperlavalles.cat\/fr\/wp-json\/wp\/v2\/media\/144374"}],"wp:attachment":[{"href":"https:\/\/www.laperlavalles.cat\/fr\/wp-json\/wp\/v2\/media?parent=117456"}],"wp:term":[{"taxonomy":"product_cat","embeddable":true,"href":"https:\/\/www.laperlavalles.cat\/fr\/wp-json\/wp\/v2\/product_cat?post=117456"},{"taxonomy":"product_tag","embeddable":true,"href":"https:\/\/www.laperlavalles.cat\/fr\/wp-json\/wp\/v2\/product_tag?post=117456"}],"curies":[{"name":"wp","href":"https:\/\/api.w.org\/{rel}","templated":true}]}}