{"id":117556,"date":"2022-02-18T19:09:36","date_gmt":"2022-02-18T18:09:52","guid":{"rendered":"https:\/\/www.laperlavalles.cat\/product\/kuza-coconut-oil-conditioner-8oz\/"},"modified":"2023-03-30T13:03:12","modified_gmt":"2023-03-30T11:03:12","slug":"kuza-coconut-oil-conditioner-8oz","status":"publish","type":"product","link":"https:\/\/www.laperlavalles.cat\/fr\/produit\/kuza-coconut-oil-conditioner-8oz\/","title":{"rendered":"KUZA COCONUT OIL CONDITIONER 8OZ"},"content":{"rendered":"<p>Le revitalisant \u00e0 l&rsquo;huile de noix de coco Kuza est un produit capillaire qui aide \u00e0 r\u00e9duire la casse, les pointes fourchues, la matit\u00e9 et la s\u00e9cheresse des cheveux textur\u00e9s. Donne du corps aux cheveux et renouvelle leur \u00e9lasticit\u00e9, les rendant plus forts, radieux et hydrat\u00e9s.<br \/>\nConsultez notre gamme compl\u00e8te de produits cosm\u00e9tiques dans le Catalogue Cosm\u00e9tique.<\/p>\n","protected":false},"excerpt":{"rendered":"<p>Le revitalisant \u00e0 l&rsquo;huile de noix de coco Kuza est un produit capillaire qui aide \u00e0 r\u00e9duire la casse, les pointes fourchues, la matit\u00e9 et la<span class=\"excerpt-hellip\"> [\u2026]<\/span><\/p>\n","protected":false},"featured_media":144454,"comment_status":"open","ping_status":"closed","template":"","meta":[],"product_cat":[8461],"product_tag":[],"_links":{"self":[{"href":"https:\/\/www.laperlavalles.cat\/fr\/wp-json\/wp\/v2\/product\/117556"}],"collection":[{"href":"https:\/\/www.laperlavalles.cat\/fr\/wp-json\/wp\/v2\/product"}],"about":[{"href":"https:\/\/www.laperlavalles.cat\/fr\/wp-json\/wp\/v2\/types\/product"}],"replies":[{"embeddable":true,"href":"https:\/\/www.laperlavalles.cat\/fr\/wp-json\/wp\/v2\/comments?post=117556"}],"wp:featuredmedia":[{"embeddable":true,"href":"https:\/\/www.laperlavalles.cat\/fr\/wp-json\/wp\/v2\/media\/144454"}],"wp:attachment":[{"href":"https:\/\/www.laperlavalles.cat\/fr\/wp-json\/wp\/v2\/media?parent=117556"}],"wp:term":[{"taxonomy":"product_cat","embeddable":true,"href":"https:\/\/www.laperlavalles.cat\/fr\/wp-json\/wp\/v2\/product_cat?post=117556"},{"taxonomy":"product_tag","embeddable":true,"href":"https:\/\/www.laperlavalles.cat\/fr\/wp-json\/wp\/v2\/product_tag?post=117556"}],"curies":[{"name":"wp","href":"https:\/\/api.w.org\/{rel}","templated":true}]}}