{"id":117916,"date":"2022-02-18T19:16:28","date_gmt":"2022-02-18T18:16:43","guid":{"rendered":"https:\/\/www.laperlavalles.cat\/product\/cantu-smoothing-leave-in-cond-lotion\/"},"modified":"2025-06-23T13:22:28","modified_gmt":"2025-06-23T11:22:28","slug":"cantu-smoothing-leave-in-cond-lotion","status":"publish","type":"product","link":"https:\/\/www.laperlavalles.cat\/fr\/produit\/cantu-smoothing-leave-in-cond-lotion\/","title":{"rendered":"CANTU SMOOTHING LEAVE-IN COND LOTION"},"content":{"rendered":"<p>La Perla propose une large gamme de produits cosm\u00e9tiques de la prestigieuse marque Cantu.<br \/>\nConsultez notre catalogue pour voir la gamme compl\u00e8te de produits capillaires sp\u00e9ciaux pour tous les types de cheveux, mais surtout pour les cheveux afro, les cheveux boucl\u00e9s et les cheveux textur\u00e9s: shampooing, revitalisants, sans rin\u00e7age, pommades, co-wash, gels pour les bords, gels coiffants, d\u00e9m\u00ealants&#8230;<\/p>\n","protected":false},"excerpt":{"rendered":"<p>La Perla propose une large gamme de produits cosm\u00e9tiques de la prestigieuse marque Cantu. Consultez notre catalogue pour voir la gamme compl\u00e8te de produits capillaires sp\u00e9ciaux<span class=\"excerpt-hellip\"> [\u2026]<\/span><\/p>\n","protected":false},"featured_media":173993,"comment_status":"open","ping_status":"closed","template":"","meta":[],"product_cat":[10616],"product_tag":[],"_links":{"self":[{"href":"https:\/\/www.laperlavalles.cat\/fr\/wp-json\/wp\/v2\/product\/117916"}],"collection":[{"href":"https:\/\/www.laperlavalles.cat\/fr\/wp-json\/wp\/v2\/product"}],"about":[{"href":"https:\/\/www.laperlavalles.cat\/fr\/wp-json\/wp\/v2\/types\/product"}],"replies":[{"embeddable":true,"href":"https:\/\/www.laperlavalles.cat\/fr\/wp-json\/wp\/v2\/comments?post=117916"}],"wp:featuredmedia":[{"embeddable":true,"href":"https:\/\/www.laperlavalles.cat\/fr\/wp-json\/wp\/v2\/media\/173993"}],"wp:attachment":[{"href":"https:\/\/www.laperlavalles.cat\/fr\/wp-json\/wp\/v2\/media?parent=117916"}],"wp:term":[{"taxonomy":"product_cat","embeddable":true,"href":"https:\/\/www.laperlavalles.cat\/fr\/wp-json\/wp\/v2\/product_cat?post=117916"},{"taxonomy":"product_tag","embeddable":true,"href":"https:\/\/www.laperlavalles.cat\/fr\/wp-json\/wp\/v2\/product_tag?post=117916"}],"curies":[{"name":"wp","href":"https:\/\/api.w.org\/{rel}","templated":true}]}}