{"id":117936,"date":"2022-02-18T19:16:52","date_gmt":"2022-02-18T18:17:08","guid":{"rendered":"https:\/\/www.laperlavalles.cat\/product\/ors-ultra-hd-sleek-smoothing-gel\/"},"modified":"2023-06-23T14:18:22","modified_gmt":"2023-06-23T12:18:22","slug":"ors-ultra-hd-sleek-smoothing-gel","status":"publish","type":"product","link":"https:\/\/www.laperlavalles.cat\/fr\/produit\/ors-ultra-hd-sleek-smoothing-gel\/","title":{"rendered":"ORS ULTRA HD SLEEK SMOOTHING GEL"},"content":{"rendered":"<p>ORS Ultra HD Sleek Smoothing Gel infus\u00e9 d&rsquo;huile de ricin pour renforcer les cheveux.<br \/>\nLa Perla est distributeur des produits cosm\u00e9tiques de la marque ORS. Contactez-nous si vous cherchez un fournisseur de produits capillaires sp\u00e9cialis\u00e9s pour cheveux afro, cheveux boucl\u00e9s ou cheveux textur\u00e9s.<\/p>\n","protected":false},"excerpt":{"rendered":"<p>ORS Ultra HD Sleek Smoothing Gel infus\u00e9 d&rsquo;huile de ricin pour renforcer les cheveux. La Perla est distributeur des produits cosm\u00e9tiques de la marque ORS. Contactez-nous<span class=\"excerpt-hellip\"> [\u2026]<\/span><\/p>\n","protected":false},"featured_media":174007,"comment_status":"open","ping_status":"closed","template":"","meta":[],"product_cat":[8461],"product_tag":[],"_links":{"self":[{"href":"https:\/\/www.laperlavalles.cat\/fr\/wp-json\/wp\/v2\/product\/117936"}],"collection":[{"href":"https:\/\/www.laperlavalles.cat\/fr\/wp-json\/wp\/v2\/product"}],"about":[{"href":"https:\/\/www.laperlavalles.cat\/fr\/wp-json\/wp\/v2\/types\/product"}],"replies":[{"embeddable":true,"href":"https:\/\/www.laperlavalles.cat\/fr\/wp-json\/wp\/v2\/comments?post=117936"}],"wp:featuredmedia":[{"embeddable":true,"href":"https:\/\/www.laperlavalles.cat\/fr\/wp-json\/wp\/v2\/media\/174007"}],"wp:attachment":[{"href":"https:\/\/www.laperlavalles.cat\/fr\/wp-json\/wp\/v2\/media?parent=117936"}],"wp:term":[{"taxonomy":"product_cat","embeddable":true,"href":"https:\/\/www.laperlavalles.cat\/fr\/wp-json\/wp\/v2\/product_cat?post=117936"},{"taxonomy":"product_tag","embeddable":true,"href":"https:\/\/www.laperlavalles.cat\/fr\/wp-json\/wp\/v2\/product_tag?post=117936"}],"curies":[{"name":"wp","href":"https:\/\/api.w.org\/{rel}","templated":true}]}}