{"id":117956,"date":"2022-02-18T19:17:17","date_gmt":"2022-02-18T18:17:32","guid":{"rendered":"https:\/\/www.laperlavalles.cat\/product\/ors-ultra-hd-curl-cumpling-gel\/"},"modified":"2024-04-26T11:51:45","modified_gmt":"2024-04-26T09:51:45","slug":"ors-ultra-hd-curl-cumpling-gel","status":"publish","type":"product","link":"https:\/\/www.laperlavalles.cat\/fr\/produit\/ors-ultra-hd-curl-cumpling-gel\/","title":{"rendered":"ORS ULTRA HD CURL CUMPLING GEL"},"content":{"rendered":"<p>ORS Ultra HD Sleek Smoothing Gel infus\u00e9 d&rsquo;huile d&rsquo;avocat pour une hydratation profonde des cheveux.<br \/>\nLa Perla est distributeur des produits cosm\u00e9tiques de la marque ORS. Contactez-nous si vous cherchez un fournisseur de produits capillaires sp\u00e9cialis\u00e9s pour cheveux afro, cheveux boucl\u00e9s ou cheveux textur\u00e9s.<\/p>\n","protected":false},"excerpt":{"rendered":"<p>ORS Ultra HD Sleek Smoothing Gel infus\u00e9 d&rsquo;huile d&rsquo;avocat pour une hydratation profonde des cheveux. La Perla est distributeur des produits cosm\u00e9tiques de la marque ORS.<span class=\"excerpt-hellip\"> [\u2026]<\/span><\/p>\n","protected":false},"featured_media":174023,"comment_status":"open","ping_status":"closed","template":"","meta":[],"product_cat":[10616],"product_tag":[],"_links":{"self":[{"href":"https:\/\/www.laperlavalles.cat\/fr\/wp-json\/wp\/v2\/product\/117956"}],"collection":[{"href":"https:\/\/www.laperlavalles.cat\/fr\/wp-json\/wp\/v2\/product"}],"about":[{"href":"https:\/\/www.laperlavalles.cat\/fr\/wp-json\/wp\/v2\/types\/product"}],"replies":[{"embeddable":true,"href":"https:\/\/www.laperlavalles.cat\/fr\/wp-json\/wp\/v2\/comments?post=117956"}],"wp:featuredmedia":[{"embeddable":true,"href":"https:\/\/www.laperlavalles.cat\/fr\/wp-json\/wp\/v2\/media\/174023"}],"wp:attachment":[{"href":"https:\/\/www.laperlavalles.cat\/fr\/wp-json\/wp\/v2\/media?parent=117956"}],"wp:term":[{"taxonomy":"product_cat","embeddable":true,"href":"https:\/\/www.laperlavalles.cat\/fr\/wp-json\/wp\/v2\/product_cat?post=117956"},{"taxonomy":"product_tag","embeddable":true,"href":"https:\/\/www.laperlavalles.cat\/fr\/wp-json\/wp\/v2\/product_tag?post=117956"}],"curies":[{"name":"wp","href":"https:\/\/api.w.org\/{rel}","templated":true}]}}