{"id":118036,"date":"2022-02-18T19:18:49","date_gmt":"2022-02-18T18:19:04","guid":{"rendered":"https:\/\/www.laperlavalles.cat\/product\/fairwhite-original-body-clearing-milk\/"},"modified":"2023-04-20T04:23:26","modified_gmt":"2023-04-20T02:23:26","slug":"fairwhite-original-body-clearing-milk","status":"publish","type":"product","link":"https:\/\/www.laperlavalles.cat\/fr\/produit\/fairwhite-original-body-clearing-milk\/","title":{"rendered":"FAIR&amp;WHITE ORIGINAL BODY CLEARING MILK"},"content":{"rendered":"<p>Cr\u00e8me hydratante et unifiante pour le teint. Cr\u00e8me hydratante pour la peau, cr\u00e8me hydratante qui \u00e9claircit progressivement la peau et unifie le teint et la texture.<\/p>\n","protected":false},"excerpt":{"rendered":"<p>Cr\u00e8me hydratante et unifiante pour le teint. Cr\u00e8me hydratante pour la peau, cr\u00e8me hydratante qui \u00e9claircit progressivement la peau et unifie le teint et la texture.<\/p>\n","protected":false},"featured_media":144086,"comment_status":"open","ping_status":"closed","template":"","meta":[],"product_cat":[8461,8597],"product_tag":[],"_links":{"self":[{"href":"https:\/\/www.laperlavalles.cat\/fr\/wp-json\/wp\/v2\/product\/118036"}],"collection":[{"href":"https:\/\/www.laperlavalles.cat\/fr\/wp-json\/wp\/v2\/product"}],"about":[{"href":"https:\/\/www.laperlavalles.cat\/fr\/wp-json\/wp\/v2\/types\/product"}],"replies":[{"embeddable":true,"href":"https:\/\/www.laperlavalles.cat\/fr\/wp-json\/wp\/v2\/comments?post=118036"}],"wp:featuredmedia":[{"embeddable":true,"href":"https:\/\/www.laperlavalles.cat\/fr\/wp-json\/wp\/v2\/media\/144086"}],"wp:attachment":[{"href":"https:\/\/www.laperlavalles.cat\/fr\/wp-json\/wp\/v2\/media?parent=118036"}],"wp:term":[{"taxonomy":"product_cat","embeddable":true,"href":"https:\/\/www.laperlavalles.cat\/fr\/wp-json\/wp\/v2\/product_cat?post=118036"},{"taxonomy":"product_tag","embeddable":true,"href":"https:\/\/www.laperlavalles.cat\/fr\/wp-json\/wp\/v2\/product_tag?post=118036"}],"curies":[{"name":"wp","href":"https:\/\/api.w.org\/{rel}","templated":true}]}}