{"id":118056,"date":"2022-02-18T19:19:12","date_gmt":"2022-02-18T18:19:26","guid":{"rendered":"https:\/\/www.laperlavalles.cat\/product\/fairwhite-original-body-lotion-aloe-vera\/"},"modified":"2025-07-18T09:21:54","modified_gmt":"2025-07-18T07:21:54","slug":"fairwhite-original-body-lotion-aloe-vera","status":"publish","type":"product","link":"https:\/\/www.laperlavalles.cat\/fr\/produit\/fairwhite-original-body-lotion-aloe-vera\/","title":{"rendered":"FAIR&amp;WHITE ORIGINAL BODY LOTION ALOE VERA"},"content":{"rendered":"<p>Cr\u00e8me hydratante et unifiante pour le teint. Cr\u00e8me hydratante pour la peau, cr\u00e8me hydratante qui \u00e9claircit progressivement la peau et unifie le teint et la texture.<\/p>\n","protected":false},"excerpt":{"rendered":"<p>Cr\u00e8me hydratante et unifiante pour le teint. Cr\u00e8me hydratante pour la peau, cr\u00e8me hydratante qui \u00e9claircit progressivement la peau et unifie le teint et la texture.<\/p>\n","protected":false},"featured_media":144102,"comment_status":"open","ping_status":"closed","template":"","meta":[],"product_cat":[10616],"product_tag":[],"_links":{"self":[{"href":"https:\/\/www.laperlavalles.cat\/fr\/wp-json\/wp\/v2\/product\/118056"}],"collection":[{"href":"https:\/\/www.laperlavalles.cat\/fr\/wp-json\/wp\/v2\/product"}],"about":[{"href":"https:\/\/www.laperlavalles.cat\/fr\/wp-json\/wp\/v2\/types\/product"}],"replies":[{"embeddable":true,"href":"https:\/\/www.laperlavalles.cat\/fr\/wp-json\/wp\/v2\/comments?post=118056"}],"wp:featuredmedia":[{"embeddable":true,"href":"https:\/\/www.laperlavalles.cat\/fr\/wp-json\/wp\/v2\/media\/144102"}],"wp:attachment":[{"href":"https:\/\/www.laperlavalles.cat\/fr\/wp-json\/wp\/v2\/media?parent=118056"}],"wp:term":[{"taxonomy":"product_cat","embeddable":true,"href":"https:\/\/www.laperlavalles.cat\/fr\/wp-json\/wp\/v2\/product_cat?post=118056"},{"taxonomy":"product_tag","embeddable":true,"href":"https:\/\/www.laperlavalles.cat\/fr\/wp-json\/wp\/v2\/product_tag?post=118056"}],"curies":[{"name":"wp","href":"https:\/\/api.w.org\/{rel}","templated":true}]}}