{"id":118076,"date":"2022-02-18T19:19:34","date_gmt":"2022-02-18T18:19:49","guid":{"rendered":"https:\/\/www.laperlavalles.cat\/product\/fairwhite-original-body-lotion-carrot\/"},"modified":"2023-04-20T04:26:24","modified_gmt":"2023-04-20T02:26:24","slug":"fairwhite-original-body-lotion-carrot","status":"publish","type":"product","link":"https:\/\/www.laperlavalles.cat\/fr\/produit\/fairwhite-original-body-lotion-carrot\/","title":{"rendered":"FAIR&amp;WHITE ORIGINAL BODY LOTION CARROT"},"content":{"rendered":"<p>Cr\u00e8me hydratante et unifiante pour le teint. Cr\u00e8me hydratante pour la peau, cr\u00e8me hydratante qui \u00e9claircit progressivement la peau et unifie le teint et la texture.<\/p>\n","protected":false},"excerpt":{"rendered":"<p>Cr\u00e8me hydratante et unifiante pour le teint. Cr\u00e8me hydratante pour la peau, cr\u00e8me hydratante qui \u00e9claircit progressivement la peau et unifie le teint et la texture.<\/p>\n","protected":false},"featured_media":144118,"comment_status":"open","ping_status":"closed","template":"","meta":[],"product_cat":[8461,8597],"product_tag":[],"_links":{"self":[{"href":"https:\/\/www.laperlavalles.cat\/fr\/wp-json\/wp\/v2\/product\/118076"}],"collection":[{"href":"https:\/\/www.laperlavalles.cat\/fr\/wp-json\/wp\/v2\/product"}],"about":[{"href":"https:\/\/www.laperlavalles.cat\/fr\/wp-json\/wp\/v2\/types\/product"}],"replies":[{"embeddable":true,"href":"https:\/\/www.laperlavalles.cat\/fr\/wp-json\/wp\/v2\/comments?post=118076"}],"wp:featuredmedia":[{"embeddable":true,"href":"https:\/\/www.laperlavalles.cat\/fr\/wp-json\/wp\/v2\/media\/144118"}],"wp:attachment":[{"href":"https:\/\/www.laperlavalles.cat\/fr\/wp-json\/wp\/v2\/media?parent=118076"}],"wp:term":[{"taxonomy":"product_cat","embeddable":true,"href":"https:\/\/www.laperlavalles.cat\/fr\/wp-json\/wp\/v2\/product_cat?post=118076"},{"taxonomy":"product_tag","embeddable":true,"href":"https:\/\/www.laperlavalles.cat\/fr\/wp-json\/wp\/v2\/product_tag?post=118076"}],"curies":[{"name":"wp","href":"https:\/\/api.w.org\/{rel}","templated":true}]}}