{"id":118096,"date":"2022-02-18T19:19:56","date_gmt":"2022-02-18T18:20:11","guid":{"rendered":"https:\/\/www.laperlavalles.cat\/product\/fairwhite-original-brigthening-serum\/"},"modified":"2023-04-20T04:28:01","modified_gmt":"2023-04-20T02:28:01","slug":"fairwhite-original-brigthening-serum","status":"publish","type":"product","link":"https:\/\/www.laperlavalles.cat\/fr\/produit\/fairwhite-original-brigthening-serum\/","title":{"rendered":"FAIR&amp;WHITE ORIGINAL BRIGTHENING SERUM"},"content":{"rendered":"<p>S\u00e9rum \u00e9claircissant progressif. La Perla est un distributeur de produits cosm\u00e9tiques pour la peau des Africains. Nous avons la gamme compl\u00e8te de Fair &amp; White, une marque sp\u00e9cialis\u00e9e dans l&rsquo;\u00e9claircissement et l&rsquo;unification du teint.<\/p>\n","protected":false},"excerpt":{"rendered":"<p>S\u00e9rum \u00e9claircissant progressif. La Perla est un distributeur de produits cosm\u00e9tiques pour la peau des Africains. Nous avons la gamme compl\u00e8te de Fair &amp; White, une<span class=\"excerpt-hellip\"> [\u2026]<\/span><\/p>\n","protected":false},"featured_media":144134,"comment_status":"open","ping_status":"closed","template":"","meta":[],"product_cat":[8461,8597],"product_tag":[],"_links":{"self":[{"href":"https:\/\/www.laperlavalles.cat\/fr\/wp-json\/wp\/v2\/product\/118096"}],"collection":[{"href":"https:\/\/www.laperlavalles.cat\/fr\/wp-json\/wp\/v2\/product"}],"about":[{"href":"https:\/\/www.laperlavalles.cat\/fr\/wp-json\/wp\/v2\/types\/product"}],"replies":[{"embeddable":true,"href":"https:\/\/www.laperlavalles.cat\/fr\/wp-json\/wp\/v2\/comments?post=118096"}],"wp:featuredmedia":[{"embeddable":true,"href":"https:\/\/www.laperlavalles.cat\/fr\/wp-json\/wp\/v2\/media\/144134"}],"wp:attachment":[{"href":"https:\/\/www.laperlavalles.cat\/fr\/wp-json\/wp\/v2\/media?parent=118096"}],"wp:term":[{"taxonomy":"product_cat","embeddable":true,"href":"https:\/\/www.laperlavalles.cat\/fr\/wp-json\/wp\/v2\/product_cat?post=118096"},{"taxonomy":"product_tag","embeddable":true,"href":"https:\/\/www.laperlavalles.cat\/fr\/wp-json\/wp\/v2\/product_tag?post=118096"}],"curies":[{"name":"wp","href":"https:\/\/api.w.org\/{rel}","templated":true}]}}