{"id":118516,"date":"2022-02-18T19:27:52","date_gmt":"2022-02-18T18:28:08","guid":{"rendered":"https:\/\/www.laperlavalles.cat\/product\/kuza-beurre-de-karite-jaune-cremeux-15oz\/"},"modified":"2024-07-10T14:46:14","modified_gmt":"2024-07-10T12:46:14","slug":"kuza-beurre-de-karite-jaune-cremeux-15oz","status":"publish","type":"product","link":"https:\/\/www.laperlavalles.cat\/fr\/produit\/kuza-beurre-de-karite-jaune-cremeux-15oz\/","title":{"rendered":"KUZA BEURRE DE KARIT\u00c9 JAUNE CR\u00c9MEUX 15OZ"},"content":{"rendered":"<p>Beurre de karit\u00e9 jaune pur.<\/p>\n","protected":false},"excerpt":{"rendered":"<p>Beurre de karit\u00e9 jaune pur.<\/p>\n","protected":false},"featured_media":144518,"comment_status":"open","ping_status":"closed","template":"","meta":[],"product_cat":[10616],"product_tag":[],"_links":{"self":[{"href":"https:\/\/www.laperlavalles.cat\/fr\/wp-json\/wp\/v2\/product\/118516"}],"collection":[{"href":"https:\/\/www.laperlavalles.cat\/fr\/wp-json\/wp\/v2\/product"}],"about":[{"href":"https:\/\/www.laperlavalles.cat\/fr\/wp-json\/wp\/v2\/types\/product"}],"replies":[{"embeddable":true,"href":"https:\/\/www.laperlavalles.cat\/fr\/wp-json\/wp\/v2\/comments?post=118516"}],"wp:featuredmedia":[{"embeddable":true,"href":"https:\/\/www.laperlavalles.cat\/fr\/wp-json\/wp\/v2\/media\/144518"}],"wp:attachment":[{"href":"https:\/\/www.laperlavalles.cat\/fr\/wp-json\/wp\/v2\/media?parent=118516"}],"wp:term":[{"taxonomy":"product_cat","embeddable":true,"href":"https:\/\/www.laperlavalles.cat\/fr\/wp-json\/wp\/v2\/product_cat?post=118516"},{"taxonomy":"product_tag","embeddable":true,"href":"https:\/\/www.laperlavalles.cat\/fr\/wp-json\/wp\/v2\/product_tag?post=118516"}],"curies":[{"name":"wp","href":"https:\/\/api.w.org\/{rel}","templated":true}]}}