{"id":118576,"date":"2022-02-18T19:29:01","date_gmt":"2022-02-18T18:29:16","guid":{"rendered":"https:\/\/www.laperlavalles.cat\/product\/x-pression-prepeigne-t1b-orange\/"},"modified":"2023-06-23T13:59:25","modified_gmt":"2023-06-23T11:59:25","slug":"x-pression-prepeigne-t1b-orange","status":"publish","type":"product","link":"https:\/\/www.laperlavalles.cat\/fr\/produit\/x-pression-prepeigne-t1b-orange\/","title":{"rendered":"X-PRESSION PREPEIGN\u00c9 T1B ORANGE"},"content":{"rendered":"<p>Extensions de cheveux artificiels \u00e0 base de fibre de kanekalon X-pression pre-peign\u00e9.<\/p>\n","protected":false},"excerpt":{"rendered":"<p>Extensions de cheveux artificiels \u00e0 base de fibre de kanekalon X-pression pre-peign\u00e9.<\/p>\n","protected":false},"featured_media":173159,"comment_status":"open","ping_status":"closed","template":"","meta":[],"product_cat":[8462,8605],"product_tag":[],"_links":{"self":[{"href":"https:\/\/www.laperlavalles.cat\/fr\/wp-json\/wp\/v2\/product\/118576"}],"collection":[{"href":"https:\/\/www.laperlavalles.cat\/fr\/wp-json\/wp\/v2\/product"}],"about":[{"href":"https:\/\/www.laperlavalles.cat\/fr\/wp-json\/wp\/v2\/types\/product"}],"replies":[{"embeddable":true,"href":"https:\/\/www.laperlavalles.cat\/fr\/wp-json\/wp\/v2\/comments?post=118576"}],"wp:featuredmedia":[{"embeddable":true,"href":"https:\/\/www.laperlavalles.cat\/fr\/wp-json\/wp\/v2\/media\/173159"}],"wp:attachment":[{"href":"https:\/\/www.laperlavalles.cat\/fr\/wp-json\/wp\/v2\/media?parent=118576"}],"wp:term":[{"taxonomy":"product_cat","embeddable":true,"href":"https:\/\/www.laperlavalles.cat\/fr\/wp-json\/wp\/v2\/product_cat?post=118576"},{"taxonomy":"product_tag","embeddable":true,"href":"https:\/\/www.laperlavalles.cat\/fr\/wp-json\/wp\/v2\/product_tag?post=118576"}],"curies":[{"name":"wp","href":"https:\/\/api.w.org\/{rel}","templated":true}]}}