{"id":119024,"date":"2022-05-20T12:20:17","date_gmt":"2022-05-20T10:20:35","guid":{"rendered":"https:\/\/www.laperlavalles.cat\/product\/cantu-acc-smooth-thick-hair-styler\/"},"modified":"2024-10-16T15:13:51","modified_gmt":"2024-10-16T13:13:51","slug":"cantu-acc-smooth-thick-hair-styler","status":"publish","type":"product","link":"https:\/\/www.laperlavalles.cat\/fr\/produit\/cantu-acc-smooth-thick-hair-styler\/","title":{"rendered":"CANTU ACC SMOOTH THICK HAIR STYLER"},"content":{"rendered":"<p>Cette brosse lissante en poils de sanglier est con\u00e7ue avec des poils plus longs pour atteindre plus profond\u00e9ment les cheveux et obtenir une finition plus lisse. Con\u00e7ue pour les cheveux \u00e9pais, fris\u00e9s et boucl\u00e9s, elle est fabriqu\u00e9e avec des poils de sanglier naturels qui r\u00e9partissent les huiles naturelles sur les m\u00e8ches pour une meilleure brillance. Parfait pour le brushing et le d\u00e9m\u00ealage des cheveux longs et \u00e9pais.<\/p>\n","protected":false},"excerpt":{"rendered":"<p>Cette brosse lissante en poils de sanglier est con\u00e7ue avec des poils plus longs pour atteindre plus profond\u00e9ment les cheveux et obtenir une finition plus lisse.<span class=\"excerpt-hellip\"> [\u2026]<\/span><\/p>\n","protected":false},"featured_media":173783,"comment_status":"open","ping_status":"closed","template":"","meta":[],"product_cat":[10616],"product_tag":[],"_links":{"self":[{"href":"https:\/\/www.laperlavalles.cat\/fr\/wp-json\/wp\/v2\/product\/119024"}],"collection":[{"href":"https:\/\/www.laperlavalles.cat\/fr\/wp-json\/wp\/v2\/product"}],"about":[{"href":"https:\/\/www.laperlavalles.cat\/fr\/wp-json\/wp\/v2\/types\/product"}],"replies":[{"embeddable":true,"href":"https:\/\/www.laperlavalles.cat\/fr\/wp-json\/wp\/v2\/comments?post=119024"}],"wp:featuredmedia":[{"embeddable":true,"href":"https:\/\/www.laperlavalles.cat\/fr\/wp-json\/wp\/v2\/media\/173783"}],"wp:attachment":[{"href":"https:\/\/www.laperlavalles.cat\/fr\/wp-json\/wp\/v2\/media?parent=119024"}],"wp:term":[{"taxonomy":"product_cat","embeddable":true,"href":"https:\/\/www.laperlavalles.cat\/fr\/wp-json\/wp\/v2\/product_cat?post=119024"},{"taxonomy":"product_tag","embeddable":true,"href":"https:\/\/www.laperlavalles.cat\/fr\/wp-json\/wp\/v2\/product_tag?post=119024"}],"curies":[{"name":"wp","href":"https:\/\/api.w.org\/{rel}","templated":true}]}}